{"id":624,"date":"2022-12-27T01:30:38","date_gmt":"2022-12-26T22:30:38","guid":{"rendered":"http:\/\/avfurkaneryilmaz.com\/?page_id=624"},"modified":"2023-06-23T11:20:59","modified_gmt":"2023-06-23T08:20:59","slug":"blog","status":"publish","type":"page","link":"https:\/\/avfurkaneryilmaz.com\/en\/publications","title":{"rendered":"BLOG"},"content":{"rendered":"<div data-elementor-type=\"wp-page\" data-elementor-id=\"624\" class=\"elementor elementor-624\" data-elementor-post-type=\"page\">\n\t\t\t\t\t\t<section class=\"elementor-section elementor-top-section elementor-element elementor-element-2df5178 elementor-section-boxed elementor-section-height-default elementor-section-height-default\" data-id=\"2df5178\" data-element_type=\"section\" data-settings=\"{&quot;background_background&quot;:&quot;classic&quot;,&quot;shape_divider_top&quot;:&quot;mountains&quot;,&quot;shape_divider_bottom&quot;:&quot;opacity-fan&quot;}\">\n\t\t\t\t\t<div class=\"elementor-shape elementor-shape-top\" aria-hidden=\"true\" data-negative=\"false\">\n\t\t\t<svg xmlns=\"http:\/\/www.w3.org\/2000\/svg\" viewbox=\"0 0 1000 100\" preserveaspectratio=\"none\">\n\t<path class=\"elementor-shape-fill\" opacity=\"0.33\" d=\"M473,67.3c-203.9,88.3-263.1-34-320.3,0C66,119.1,0,59.7,0,59.7V0h1000v59.7 c0,0-62.1,26.1-94.9,29.3c-32.8,3.3-62.8-12.3-75.8-22.1C806,49.6,745.3,8.7,694.9,4.7S492.4,59,473,67.3z\"\/>\n\t<path class=\"elementor-shape-fill\" opacity=\"0.66\" d=\"M734,67.3c-45.5,0-77.2-23.2-129.1-39.1c-28.6-8.7-150.3-10.1-254,39.1 s-91.7-34.4-149.2,0C115.7,118.3,0,39.8,0,39.8V0h1000v36.5c0,0-28.2-18.5-92.1-18.5C810.2,18.1,775.7,67.3,734,67.3z\"\/>\n\t<path class=\"elementor-shape-fill\" d=\"M766.1,28.9c-200-57.5-266,65.5-395.1,19.5C242,1.8,242,5.4,184.8,20.6C128,35.8,132.3,44.9,89.9,52.5C28.6,63.7,0,0,0,0 h1000c0,0-9.9,40.9-83.6,48.1S829.6,47,766.1,28.9z\"\/>\n<\/svg>\t\t<\/div>\n\t\t\t\t<div class=\"elementor-shape elementor-shape-bottom\" aria-hidden=\"true\" data-negative=\"false\">\n\t\t\t<svg xmlns=\"http:\/\/www.w3.org\/2000\/svg\" viewbox=\"0 0 283.5 19.6\" preserveaspectratio=\"none\">\n\t<path class=\"elementor-shape-fill\" style=\"opacity:0.33\" d=\"M0 0L0 18.8 141.8 4.1 283.5 18.8 283.5 0z\"\/>\n\t<path class=\"elementor-shape-fill\" style=\"opacity:0.33\" d=\"M0 0L0 12.6 141.8 4 283.5 12.6 283.5 0z\"\/>\n\t<path class=\"elementor-shape-fill\" style=\"opacity:0.33\" d=\"M0 0L0 6.4 141.8 4 283.5 6.4 283.5 0z\"\/>\n\t<path class=\"elementor-shape-fill\" d=\"M0 0L0 1.2 141.8 4 283.5 1.2 283.5 0z\"\/>\n<\/svg>\t\t<\/div>\n\t\t\t\t\t<div class=\"elementor-container elementor-column-gap-default\">\n\t\t\t\t\t<div class=\"elementor-column elementor-col-100 elementor-top-column elementor-element elementor-element-5f3217f\" data-id=\"5f3217f\" data-element_type=\"column\">\n\t\t\t<div class=\"elementor-widget-wrap elementor-element-populated\">\n\t\t\t\t\t\t<div class=\"elementor-element elementor-element-0fab0af elementor-widget elementor-widget-heading\" data-id=\"0fab0af\" data-element_type=\"widget\" data-widget_type=\"heading.default\">\n\t\t\t\t<div class=\"elementor-widget-container\">\n\t\t\t\t\t<h1 class=\"elementor-heading-title elementor-size-default\">Blog Yaz\u0131lar\u0131m\u0131z <br><\/h1>\t\t\t\t<\/div>\n\t\t\t\t<\/div>\n\t\t\t\t<div class=\"elementor-element elementor-element-f78705f elementor-posts--align-left elementor-grid-3 elementor-grid-tablet-2 elementor-grid-mobile-1 elementor-posts--thumbnail-top elementor-posts__hover-gradient load-more-align-center elementor-widget elementor-widget-posts\" data-id=\"f78705f\" data-element_type=\"widget\" data-settings=\"{&quot;pagination_type&quot;:&quot;load_more_on_click&quot;,&quot;_animation_mobile&quot;:&quot;fadeIn&quot;,&quot;cards_row_gap&quot;:{&quot;unit&quot;:&quot;px&quot;,&quot;size&quot;:60,&quot;sizes&quot;:[]},&quot;cards_columns&quot;:&quot;3&quot;,&quot;cards_columns_tablet&quot;:&quot;2&quot;,&quot;cards_columns_mobile&quot;:&quot;1&quot;,&quot;cards_row_gap_tablet&quot;:{&quot;unit&quot;:&quot;px&quot;,&quot;size&quot;:&quot;&quot;,&quot;sizes&quot;:[]},&quot;cards_row_gap_mobile&quot;:{&quot;unit&quot;:&quot;px&quot;,&quot;size&quot;:&quot;&quot;,&quot;sizes&quot;:[]},&quot;load_more_spinner&quot;:{&quot;value&quot;:&quot;fas fa-spinner&quot;,&quot;library&quot;:&quot;fa-solid&quot;}}\" data-widget_type=\"posts.cards\">\n\t\t\t\t<div class=\"elementor-widget-container\">\n\t\t\t\t\t\t\t<div class=\"elementor-posts-container elementor-posts elementor-posts--skin-cards elementor-grid\" role=\"list\">\n\t\t\t\t<article class=\"elementor-post elementor-grid-item post-4365 post type-post status-publish format-standard has-post-thumbnail hentry category-uncategorized tag-isyeri-kira\" role=\"listitem\">\n\t\t\t<div class=\"elementor-post__card\">\n\t\t\t\t<a class=\"elementor-post__thumbnail__link\" href=\"https:\/\/avfurkaneryilmaz.com\/en\/post\/isyeri-kiralarinda-genel-ve-ozel-hukumler\" tabindex=\"-1\" target=\"_blank\"><div class=\"elementor-post__thumbnail\"><img fetchpriority=\"high\" decoding=\"async\" width=\"1024\" height=\"1024\" src=\"https:\/\/avfurkaneryilmaz.com\/wp-content\/uploads\/2025\/02\/DALL\u00b7E-2025-02-21-14.45.19-A-split-screen-illustration-showing-two-different-types-of-business-premises_-one-side-depicts-a-traditional-office-building-with-a-roof-walls-and-w.webp\" class=\"attachment-full size-full wp-image-4368\" alt=\"\" srcset=\"https:\/\/avfurkaneryilmaz.com\/wp-content\/uploads\/2025\/02\/DALL\u00b7E-2025-02-21-14.45.19-A-split-screen-illustration-showing-two-different-types-of-business-premises_-one-side-depicts-a-traditional-office-building-with-a-roof-walls-and-w.webp 1024w, https:\/\/avfurkaneryilmaz.com\/wp-content\/uploads\/2025\/02\/DALL\u00b7E-2025-02-21-14.45.19-A-split-screen-illustration-showing-two-different-types-of-business-premises_-one-side-depicts-a-traditional-office-building-with-a-roof-walls-and-w-300x300.webp 300w, https:\/\/avfurkaneryilmaz.com\/wp-content\/uploads\/2025\/02\/DALL\u00b7E-2025-02-21-14.45.19-A-split-screen-illustration-showing-two-different-types-of-business-premises_-one-side-depicts-a-traditional-office-building-with-a-roof-walls-and-w-150x150.webp 150w, https:\/\/avfurkaneryilmaz.com\/wp-content\/uploads\/2025\/02\/DALL\u00b7E-2025-02-21-14.45.19-A-split-screen-illustration-showing-two-different-types-of-business-premises_-one-side-depicts-a-traditional-office-building-with-a-roof-walls-and-w-768x768.webp 768w, https:\/\/avfurkaneryilmaz.com\/wp-content\/uploads\/2025\/02\/DALL\u00b7E-2025-02-21-14.45.19-A-split-screen-illustration-showing-two-different-types-of-business-premises_-one-side-depicts-a-traditional-office-building-with-a-roof-walls-and-w-12x12.webp 12w\" sizes=\"(max-width: 1024px) 100vw, 1024px\" title=\"\"><\/div><\/a>\n\t\t\t\t<div class=\"elementor-post__text\">\n\t\t\t\t<h2 class=\"elementor-post__title\">\n\t\t\t<a href=\"https:\/\/avfurkaneryilmaz.com\/en\/post\/isyeri-kiralarinda-genel-ve-ozel-hukumler\" target=\"&quot;_blank&quot;\">\n\t\t\t\t\u0130\u015fyeri Kiralar\u0131nda Genel ve \u00d6zel H\u00fck\u00fcmler\t\t\t<\/a>\n\t\t<\/h2>\n\t\t\t\t<div class=\"elementor-post__excerpt\">\n\t\t\t<p>\u00c7at\u0131l\u0131 ve \u00c7at\u0131s\u0131z \u0130\u015fyeri Ayr\u0131m\u0131: Hukuki De\u011ferlendirme ve Uygulamalar \u0130\u015fyeri kiralar\u0131 ve tahliye s\u00fcre\u00e7leri, hem mal sahipleri hem de kirac\u0131lar a\u00e7\u0131s\u0131ndan b\u00fcy\u00fck \u00f6nem<\/p>\n\t\t<\/div>\n\t\t\t\t\t<div class=\"elementor-post__read-more-wrapper\">\n\t\t\n\t\t<a class=\"elementor-post__read-more\" href=\"https:\/\/avfurkaneryilmaz.com\/en\/post\/isyeri-kiralarinda-genel-ve-ozel-hukumler\" aria-label=\"Read more about \u0130\u015fyeri Kiralar\u0131nda Genel ve \u00d6zel H\u00fck\u00fcmler\" tabindex=\"-1\" target=\"_blank\">\n\t\t\tRead more \u00bb\t\t<\/a>\n\n\t\t\t\t\t<\/div>\n\t\t\t\t<\/div>\n\t\t\t\t<div class=\"elementor-post__meta-data\">\n\t\t\t\t\t<span class=\"elementor-post-date\">\n\t\t\t21 February 2025\t\t<\/span>\n\t\t\t\t<\/div>\n\t\t\t\t\t<\/div>\n\t\t<\/article>\n\t\t\t\t<article class=\"elementor-post elementor-grid-item post-4334 post type-post status-publish format-standard has-post-thumbnail hentry category-uncategorized tag-kiraci tag-tahliye-taahhutnamesi\" role=\"listitem\">\n\t\t\t<div class=\"elementor-post__card\">\n\t\t\t\t<a class=\"elementor-post__thumbnail__link\" href=\"https:\/\/avfurkaneryilmaz.com\/en\/post\/yargitay-kararlari-isiginda-tahliye-taahhutnamesi\" tabindex=\"-1\" target=\"_blank\"><div class=\"elementor-post__thumbnail\"><img decoding=\"async\" width=\"800\" height=\"400\" src=\"https:\/\/avfurkaneryilmaz.com\/wp-content\/uploads\/2024\/01\/5ece3470d1290_ihtiyac-sebebi-ile-tahliye-davasi.jpeg\" class=\"attachment-full size-full wp-image-4335\" alt=\"\" srcset=\"https:\/\/avfurkaneryilmaz.com\/wp-content\/uploads\/2024\/01\/5ece3470d1290_ihtiyac-sebebi-ile-tahliye-davasi.jpeg 800w, https:\/\/avfurkaneryilmaz.com\/wp-content\/uploads\/2024\/01\/5ece3470d1290_ihtiyac-sebebi-ile-tahliye-davasi-300x150.jpeg 300w, https:\/\/avfurkaneryilmaz.com\/wp-content\/uploads\/2024\/01\/5ece3470d1290_ihtiyac-sebebi-ile-tahliye-davasi-768x384.jpeg 768w, https:\/\/avfurkaneryilmaz.com\/wp-content\/uploads\/2024\/01\/5ece3470d1290_ihtiyac-sebebi-ile-tahliye-davasi-18x9.jpeg 18w\" sizes=\"(max-width: 800px) 100vw, 800px\" title=\"\"><\/div><\/a>\n\t\t\t\t<div class=\"elementor-post__text\">\n\t\t\t\t<h2 class=\"elementor-post__title\">\n\t\t\t<a href=\"https:\/\/avfurkaneryilmaz.com\/en\/post\/yargitay-kararlari-isiginda-tahliye-taahhutnamesi\" target=\"&quot;_blank&quot;\">\n\t\t\t\tYarg\u0131tay Kararlar\u0131 I\u015f\u0131\u011f\u0131nda Tahliye Taahh\u00fctnamesi\t\t\t<\/a>\n\t\t<\/h2>\n\t\t\t\t<div class=\"elementor-post__excerpt\">\n\t\t\t<p>Tahliye Taahh\u00fctnamesi Tahliye taahh\u00fctnamesi&nbsp;kirac\u0131n\u0131n kiralayana kiralad\u0131\u011f\u0131 ta\u015f\u0131nmaz\u0131 belli bir tarihte bo\u015faltaca\u011f\u0131 y\u00f6n\u00fcnde verdi\u011fi yaz\u0131l\u0131 beyand\u0131r. Kirac\u0131 vermi\u015f oldu\u011fu bu beyan\u0131ndan sorumludur. G\u00fcn\u00fcm\u00fcz, kira<\/p>\n\t\t<\/div>\n\t\t\t\t\t<div class=\"elementor-post__read-more-wrapper\">\n\t\t\n\t\t<a class=\"elementor-post__read-more\" href=\"https:\/\/avfurkaneryilmaz.com\/en\/post\/yargitay-kararlari-isiginda-tahliye-taahhutnamesi\" aria-label=\"Read more about Yarg\u0131tay Kararlar\u0131 I\u015f\u0131\u011f\u0131nda Tahliye Taahh\u00fctnamesi\" tabindex=\"-1\" target=\"_blank\">\n\t\t\tRead more \u00bb\t\t<\/a>\n\n\t\t\t\t\t<\/div>\n\t\t\t\t<\/div>\n\t\t\t\t<div class=\"elementor-post__meta-data\">\n\t\t\t\t\t<span class=\"elementor-post-date\">\n\t\t\t16 January 2024\t\t<\/span>\n\t\t\t\t<\/div>\n\t\t\t\t\t<\/div>\n\t\t<\/article>\n\t\t\t\t<article class=\"elementor-post elementor-grid-item post-4326 post type-post status-publish format-standard has-post-thumbnail hentry category-uncategorized tag-emlak tag-kira-sozlesmesinde\" role=\"listitem\">\n\t\t\t<div class=\"elementor-post__card\">\n\t\t\t\t<a class=\"elementor-post__thumbnail__link\" href=\"https:\/\/avfurkaneryilmaz.com\/en\/post\/kira-sozlesmesi-hazirlarken-dikkat-edilmesi-gerekenler\" tabindex=\"-1\" target=\"_blank\"><div class=\"elementor-post__thumbnail\"><img decoding=\"async\" width=\"1280\" height=\"720\" src=\"https:\/\/avfurkaneryilmaz.com\/wp-content\/uploads\/2024\/01\/ev-sahibi-ve-kiracilar-dikkat-bunu-yapan-1-yillik-kira-tazminati-odeyecek-g1le.webp\" class=\"attachment-full size-full wp-image-4329\" alt=\"\" srcset=\"https:\/\/avfurkaneryilmaz.com\/wp-content\/uploads\/2024\/01\/ev-sahibi-ve-kiracilar-dikkat-bunu-yapan-1-yillik-kira-tazminati-odeyecek-g1le.webp 1280w, https:\/\/avfurkaneryilmaz.com\/wp-content\/uploads\/2024\/01\/ev-sahibi-ve-kiracilar-dikkat-bunu-yapan-1-yillik-kira-tazminati-odeyecek-g1le-300x169.webp 300w, https:\/\/avfurkaneryilmaz.com\/wp-content\/uploads\/2024\/01\/ev-sahibi-ve-kiracilar-dikkat-bunu-yapan-1-yillik-kira-tazminati-odeyecek-g1le-1024x576.webp 1024w, https:\/\/avfurkaneryilmaz.com\/wp-content\/uploads\/2024\/01\/ev-sahibi-ve-kiracilar-dikkat-bunu-yapan-1-yillik-kira-tazminati-odeyecek-g1le-768x432.webp 768w, https:\/\/avfurkaneryilmaz.com\/wp-content\/uploads\/2024\/01\/ev-sahibi-ve-kiracilar-dikkat-bunu-yapan-1-yillik-kira-tazminati-odeyecek-g1le-18x10.webp 18w\" sizes=\"(max-width: 1280px) 100vw, 1280px\" title=\"\"><\/div><\/a>\n\t\t\t\t<div class=\"elementor-post__text\">\n\t\t\t\t<h2 class=\"elementor-post__title\">\n\t\t\t<a href=\"https:\/\/avfurkaneryilmaz.com\/en\/post\/kira-sozlesmesi-hazirlarken-dikkat-edilmesi-gerekenler\" target=\"&quot;_blank&quot;\">\n\t\t\t\tK\u0130RA S\u00d6ZLE\u015eMES\u0130 HAZIRLARKEN D\u0130KKAT ED\u0130LMES\u0130 GEREKENLER\t\t\t<\/a>\n\t\t<\/h2>\n\t\t\t\t<div class=\"elementor-post__excerpt\">\n\t\t\t<p>Kira s\u00f6zle\u015fmesi <\/p>\n\t\t<\/div>\n\t\t\t\t\t<div class=\"elementor-post__read-more-wrapper\">\n\t\t\n\t\t<a class=\"elementor-post__read-more\" href=\"https:\/\/avfurkaneryilmaz.com\/en\/post\/kira-sozlesmesi-hazirlarken-dikkat-edilmesi-gerekenler\" aria-label=\"Read more about K\u0130RA S\u00d6ZLE\u015eMES\u0130 HAZIRLARKEN D\u0130KKAT ED\u0130LMES\u0130 GEREKENLER\" tabindex=\"-1\" target=\"_blank\">\n\t\t\tRead more \u00bb\t\t<\/a>\n\n\t\t\t\t\t<\/div>\n\t\t\t\t<\/div>\n\t\t\t\t<div class=\"elementor-post__meta-data\">\n\t\t\t\t\t<span class=\"elementor-post-date\">\n\t\t\t16 January 2024\t\t<\/span>\n\t\t\t\t<\/div>\n\t\t\t\t\t<\/div>\n\t\t<\/article>\n\t\t\t\t<article class=\"elementor-post elementor-grid-item post-4290 post type-post status-publish format-standard has-post-thumbnail hentry category-uncategorized tag-harc tag-kdv tag-resmi-gazete tag-vergi\" role=\"listitem\">\n\t\t\t<div class=\"elementor-post__card\">\n\t\t\t\t<a class=\"elementor-post__thumbnail__link\" href=\"https:\/\/avfurkaneryilmaz.com\/en\/post\/07-07-2023-tarihli-resmi-gazete-ile-yapilan-vergi-ve-harc-artislari\" tabindex=\"-1\" target=\"_blank\"><div class=\"elementor-post__thumbnail\"><img loading=\"lazy\" decoding=\"async\" width=\"300\" height=\"168\" src=\"https:\/\/avfurkaneryilmaz.com\/wp-content\/uploads\/2023\/07\/indir.jpeg\" class=\"attachment-full size-full wp-image-4293\" alt=\"\" srcset=\"https:\/\/avfurkaneryilmaz.com\/wp-content\/uploads\/2023\/07\/indir.jpeg 300w, https:\/\/avfurkaneryilmaz.com\/wp-content\/uploads\/2023\/07\/indir-18x10.jpeg 18w\" sizes=\"(max-width: 300px) 100vw, 300px\" title=\"\"><\/div><\/a>\n\t\t\t\t<div class=\"elementor-post__text\">\n\t\t\t\t<h2 class=\"elementor-post__title\">\n\t\t\t<a href=\"https:\/\/avfurkaneryilmaz.com\/en\/post\/07-07-2023-tarihli-resmi-gazete-ile-yapilan-vergi-ve-harc-artislari\" target=\"&quot;_blank&quot;\">\n\t\t\t\t07.07.2023 TAR\u0130HL\u0130 RESM\u0130 GAZETE \u0130LE YAPILAN VERG\u0130 VE HAR\u00c7 ARTI\u015eLARI\u00a0\t\t\t<\/a>\n\t\t<\/h2>\n\t\t\t\t<div class=\"elementor-post__excerpt\">\n\t\t\t<p>Resmi Gazetede Yay\u0131mlanan Vergi Art\u0131\u015flar\u0131<\/p>\n\t\t<\/div>\n\t\t\t\t\t<div class=\"elementor-post__read-more-wrapper\">\n\t\t\n\t\t<a class=\"elementor-post__read-more\" href=\"https:\/\/avfurkaneryilmaz.com\/en\/post\/07-07-2023-tarihli-resmi-gazete-ile-yapilan-vergi-ve-harc-artislari\" aria-label=\"Read more about 07.07.2023 TAR\u0130HL\u0130 RESM\u0130 GAZETE \u0130LE YAPILAN VERG\u0130 VE HAR\u00c7 ARTI\u015eLARI\u00a0\" tabindex=\"-1\" target=\"_blank\">\n\t\t\tRead more \u00bb\t\t<\/a>\n\n\t\t\t\t\t<\/div>\n\t\t\t\t<\/div>\n\t\t\t\t<div class=\"elementor-post__meta-data\">\n\t\t\t\t\t<span class=\"elementor-post-date\">\n\t\t\t7 July 2023\t\t<\/span>\n\t\t\t\t<\/div>\n\t\t\t\t\t<\/div>\n\t\t<\/article>\n\t\t\t\t<article class=\"elementor-post elementor-grid-item post-3824 post type-post status-publish format-standard has-post-thumbnail hentry category-uncategorized tag-hisseli-tapu tag-ortakligin-giderilmesi-davasi\" role=\"listitem\">\n\t\t\t<div class=\"elementor-post__card\">\n\t\t\t\t<a class=\"elementor-post__thumbnail__link\" href=\"https:\/\/avfurkaneryilmaz.com\/en\/post\/ortakligin-giderilmesi-davasi-izale-i-suyu\" tabindex=\"-1\" target=\"_blank\"><div class=\"elementor-post__thumbnail\"><img loading=\"lazy\" decoding=\"async\" width=\"852\" height=\"563\" src=\"https:\/\/avfurkaneryilmaz.com\/wp-content\/uploads\/2023\/06\/246.jpeg\" class=\"attachment-full size-full wp-image-3825\" alt=\"\" srcset=\"https:\/\/avfurkaneryilmaz.com\/wp-content\/uploads\/2023\/06\/246.jpeg 852w, https:\/\/avfurkaneryilmaz.com\/wp-content\/uploads\/2023\/06\/246-300x198.jpeg 300w, https:\/\/avfurkaneryilmaz.com\/wp-content\/uploads\/2023\/06\/246-768x507.jpeg 768w, https:\/\/avfurkaneryilmaz.com\/wp-content\/uploads\/2023\/06\/246-18x12.jpeg 18w\" sizes=\"(max-width: 852px) 100vw, 852px\" title=\"\"><\/div><\/a>\n\t\t\t\t<div class=\"elementor-post__text\">\n\t\t\t\t<h2 class=\"elementor-post__title\">\n\t\t\t<a href=\"https:\/\/avfurkaneryilmaz.com\/en\/post\/ortakligin-giderilmesi-davasi-izale-i-suyu\" target=\"&quot;_blank&quot;\">\n\t\t\t\tORTAKLI\u011eIN G\u0130DER\u0130LMES\u0130 DAVASI &#8211; \u0130ZALE-\u0130 \u015eUYU\u00a0\t\t\t<\/a>\n\t\t<\/h2>\n\t\t\t\t<div class=\"elementor-post__excerpt\">\n\t\t\t<p>Ortakl\u0131\u011f\u0131n giderilmesine ili\u015fkin t\u00fcm bilgiler yer almaktad\u0131r.<\/p>\n\t\t<\/div>\n\t\t\t\t\t<div class=\"elementor-post__read-more-wrapper\">\n\t\t\n\t\t<a class=\"elementor-post__read-more\" href=\"https:\/\/avfurkaneryilmaz.com\/en\/post\/ortakligin-giderilmesi-davasi-izale-i-suyu\" aria-label=\"Read more about ORTAKLI\u011eIN G\u0130DER\u0130LMES\u0130 DAVASI &#8211; \u0130ZALE-\u0130 \u015eUYU\u00a0\" tabindex=\"-1\" target=\"_blank\">\n\t\t\tRead more \u00bb\t\t<\/a>\n\n\t\t\t\t\t<\/div>\n\t\t\t\t<\/div>\n\t\t\t\t<div class=\"elementor-post__meta-data\">\n\t\t\t\t\t<span class=\"elementor-post-date\">\n\t\t\t1 June 2023\t\t<\/span>\n\t\t\t\t<\/div>\n\t\t\t\t\t<\/div>\n\t\t<\/article>\n\t\t\t\t<article class=\"elementor-post elementor-grid-item post-3549 post type-post status-publish format-standard has-post-thumbnail hentry category-uncategorized tag-emeklilikte-yasa-takilanlar tag-eyt\" role=\"listitem\">\n\t\t\t<div class=\"elementor-post__card\">\n\t\t\t\t<a class=\"elementor-post__thumbnail__link\" href=\"https:\/\/avfurkaneryilmaz.com\/en\/post\/eyt-duzenlemesi-yayimlandi\" tabindex=\"-1\" target=\"_blank\"><div class=\"elementor-post__thumbnail\"><img loading=\"lazy\" decoding=\"async\" width=\"1366\" height=\"911\" src=\"https:\/\/avfurkaneryilmaz.com\/wp-content\/uploads\/2023\/03\/3570084_c80c26f84ee8e82ad3e1d387b3cba1e8_1366x1366.jpeg\" class=\"attachment-full size-full wp-image-3550\" alt=\"\" srcset=\"https:\/\/avfurkaneryilmaz.com\/wp-content\/uploads\/2023\/03\/3570084_c80c26f84ee8e82ad3e1d387b3cba1e8_1366x1366.jpeg 1366w, https:\/\/avfurkaneryilmaz.com\/wp-content\/uploads\/2023\/03\/3570084_c80c26f84ee8e82ad3e1d387b3cba1e8_1366x1366-300x200.jpeg 300w, https:\/\/avfurkaneryilmaz.com\/wp-content\/uploads\/2023\/03\/3570084_c80c26f84ee8e82ad3e1d387b3cba1e8_1366x1366-1024x683.jpeg 1024w, https:\/\/avfurkaneryilmaz.com\/wp-content\/uploads\/2023\/03\/3570084_c80c26f84ee8e82ad3e1d387b3cba1e8_1366x1366-768x512.jpeg 768w, https:\/\/avfurkaneryilmaz.com\/wp-content\/uploads\/2023\/03\/3570084_c80c26f84ee8e82ad3e1d387b3cba1e8_1366x1366-18x12.jpeg 18w\" sizes=\"(max-width: 1366px) 100vw, 1366px\" title=\"\"><\/div><\/a>\n\t\t\t\t<div class=\"elementor-post__text\">\n\t\t\t\t<h2 class=\"elementor-post__title\">\n\t\t\t<a href=\"https:\/\/avfurkaneryilmaz.com\/en\/post\/eyt-duzenlemesi-yayimlandi\" target=\"&quot;_blank&quot;\">\n\t\t\t\tEYT D\u00dcZENLEMES\u0130 YAYIMLANDI\t\t\t<\/a>\n\t\t<\/h2>\n\t\t\t\t<div class=\"elementor-post__excerpt\">\n\t\t\t<p>EYT ile ilgili t\u00fcm sorular\u0131n cevab\u0131<\/p>\n\t\t<\/div>\n\t\t\t\t\t<div class=\"elementor-post__read-more-wrapper\">\n\t\t\n\t\t<a class=\"elementor-post__read-more\" href=\"https:\/\/avfurkaneryilmaz.com\/en\/post\/eyt-duzenlemesi-yayimlandi\" aria-label=\"Read more about EYT D\u00dcZENLEMES\u0130 YAYIMLANDI\" tabindex=\"-1\" target=\"_blank\">\n\t\t\tRead more \u00bb\t\t<\/a>\n\n\t\t\t\t\t<\/div>\n\t\t\t\t<\/div>\n\t\t\t\t<div class=\"elementor-post__meta-data\">\n\t\t\t\t\t<span class=\"elementor-post-date\">\n\t\t\t6 March 2023\t\t<\/span>\n\t\t\t\t<\/div>\n\t\t\t\t\t<\/div>\n\t\t<\/article>\n\t\t\t\t<\/div>\n\t\t\t\t\t<span class=\"e-load-more-spinner\">\n\t\t\t\t<i aria-hidden=\"true\" class=\"fas fa-spinner\"><\/i>\t\t\t<\/span>\n\t\t\n\t\t\t\t<div class=\"e-load-more-anchor\" data-page=\"1\" data-max-page=\"3\" data-next-page=\"https:\/\/avfurkaneryilmaz.com\/en\/wp-json\/wp\/v2\/pages\/624\/page\/2\"><\/div>\n\t\t\t\t<div class=\"elementor-button-wrapper\">\n\t\t\t<a class=\"elementor-button elementor-size-sm\" role=\"button\">\n\t\t\t\t\t\t<span class=\"elementor-button-content-wrapper\">\n\t\t\t\t\t\t\t\t\t<span class=\"elementor-button-text\">More<\/span>\n\t\t\t\t\t<\/span>\n\t\t\t\t\t<\/a>\n\t\t<\/div>\n\t\t\t\t<div class=\"e-load-more-message\"><\/div>\n\t\t\t\t\t\t<\/div>\n\t\t\t\t<\/div>\n\t\t\t\t\t<\/div>\n\t\t<\/div>\n\t\t\t\t\t<\/div>\n\t\t<\/section>\n\t\t\t\t<\/div>","protected":false},"excerpt":{"rendered":"<p>Blog Yaz\u0131lar\u0131m\u0131z<\/p>","protected":false},"author":1,"featured_media":0,"parent":0,"menu_order":0,"comment_status":"closed","ping_status":"closed","template":"elementor_header_footer","meta":{"footnotes":""},"class_list":["post-624","page","type-page","status-publish","hentry"],"_links":{"self":[{"href":"https:\/\/avfurkaneryilmaz.com\/en\/wp-json\/wp\/v2\/pages\/624","targetHints":{"allow":["GET"]}}],"collection":[{"href":"https:\/\/avfurkaneryilmaz.com\/en\/wp-json\/wp\/v2\/pages"}],"about":[{"href":"https:\/\/avfurkaneryilmaz.com\/en\/wp-json\/wp\/v2\/types\/page"}],"author":[{"embeddable":true,"href":"https:\/\/avfurkaneryilmaz.com\/en\/wp-json\/wp\/v2\/users\/1"}],"replies":[{"embeddable":true,"href":"https:\/\/avfurkaneryilmaz.com\/en\/wp-json\/wp\/v2\/comments?post=624"}],"version-history":[{"count":0,"href":"https:\/\/avfurkaneryilmaz.com\/en\/wp-json\/wp\/v2\/pages\/624\/revisions"}],"wp:attachment":[{"href":"https:\/\/avfurkaneryilmaz.com\/en\/wp-json\/wp\/v2\/media?parent=624"}],"curies":[{"name":"wp","href":"https:\/\/api.w.org\/{rel}","templated":true}]}}