{"id":4395,"date":"2025-03-17T12:05:45","date_gmt":"2025-03-17T09:05:45","guid":{"rendered":"https:\/\/avfurkaneryilmaz.com\/?page_id=4395"},"modified":"2025-04-25T11:04:31","modified_gmt":"2025-04-25T08:04:31","slug":"e-tahsilat","status":"publish","type":"page","link":"https:\/\/avfurkaneryilmaz.com\/en\/e-tahsilat","title":{"rendered":"e-Tahsilat"},"content":{"rendered":"<div data-elementor-type=\"wp-page\" data-elementor-id=\"4395\" class=\"elementor elementor-4395\" data-elementor-post-type=\"page\">\n\t\t\t\t<div class=\"elementor-element elementor-element-1090bba e-flex e-con-boxed e-con e-parent\" data-id=\"1090bba\" data-element_type=\"container\">\n\t\t\t\t\t<div class=\"e-con-inner\">\n\t\t\t\t<div class=\"elementor-element elementor-element-ecb7cb2 elementor-widget elementor-widget-heading\" data-id=\"ecb7cb2\" data-element_type=\"widget\" data-widget_type=\"heading.default\">\n\t\t\t\t<div class=\"elementor-widget-container\">\n\t\t\t\t\t<h2 class=\"elementor-heading-title elementor-size-default\">e-Tahsilat<\/h2>\t\t\t\t<\/div>\n\t\t\t\t<\/div>\n\t\t\t\t<div class=\"elementor-element elementor-element-b04abba elementor-widget elementor-widget-html\" data-id=\"b04abba\" data-element_type=\"widget\" data-widget_type=\"html.default\">\n\t\t\t\t<div class=\"elementor-widget-container\">\n\t\t\t\t\t<a style=\"display:block; width:250px; height:100px; text-decoration:none; color:#444; background:url(https:\/\/pos.param.com.tr\/Tahsilat\/images\/etahsilat.png) no-repeat; padding:6px 10px 30px 90px; font:bold 13px Tahoma\" href=\"https:\/\/pos.param.com.tr\/Tahsilat\/Default-v2.aspx?k=59b50972-1740-4c0c-b0af-5a253d87ea5b\" target=\"_blank\" rel=\"noopener\">AVUKAT FURKAN ERYILMAZ<br \/>\u00d6DEME YAPMAK \u0130\u00c7\u0130N TIKLAYINIZ<\/a>\t\t\t\t<\/div>\n\t\t\t\t<\/div>\n\t\t\t\t<div class=\"elementor-element elementor-element-9bd7259 elementor-align-center elementor-widget elementor-widget-button\" data-id=\"9bd7259\" data-element_type=\"widget\" data-widget_type=\"button.default\">\n\t\t\t\t<div class=\"elementor-widget-container\">\n\t\t\t\t\t\t\t\t\t<div class=\"elementor-button-wrapper\">\n\t\t\t\t\t<a class=\"elementor-button elementor-button-link elementor-size-sm\" href=\"https:\/\/pos.param.com.tr\/Tahsilat\/Default-v2.aspx?k=59b50972-1740-4c0c-b0af-5a253d87ea5b\" target=\"_blank\" rel=\"noopener\">\n\t\t\t\t\t\t<span class=\"elementor-button-content-wrapper\">\n\t\t\t\t\t\t\t\t\t<span class=\"elementor-button-text\">\u00d6DEME YAPMAK \u0130\u00c7\u0130N TIKLAYINIZ<\/span>\n\t\t\t\t\t<\/span>\n\t\t\t\t\t<\/a>\n\t\t\t\t<\/div>\n\t\t\t\t\t\t\t\t<\/div>\n\t\t\t\t<\/div>\n\t\t\t\t<div class=\"elementor-element elementor-element-5b9c32c elementor-widget elementor-widget-spacer\" data-id=\"5b9c32c\" data-element_type=\"widget\" data-widget_type=\"spacer.default\">\n\t\t\t\t<div class=\"elementor-widget-container\">\n\t\t\t\t\t\t\t<div class=\"elementor-spacer\">\n\t\t\t<div class=\"elementor-spacer-inner\"><\/div>\n\t\t<\/div>\n\t\t\t\t\t\t<\/div>\n\t\t\t\t<\/div>\n\t\t\t\t<div class=\"elementor-element elementor-element-3a56422 elementor-widget elementor-widget-heading\" data-id=\"3a56422\" data-element_type=\"widget\" data-widget_type=\"heading.default\">\n\t\t\t\t<div class=\"elementor-widget-container\">\n\t\t\t\t\t<h2 class=\"elementor-heading-title elementor-size-default\">e-Tahsilat Sistemi Nedir?<\/h2>\t\t\t\t<\/div>\n\t\t\t\t<\/div>\n\t\t\t\t<div class=\"elementor-element elementor-element-a4bdd6a elementor-widget elementor-widget-text-editor\" data-id=\"a4bdd6a\" data-element_type=\"widget\" data-widget_type=\"text-editor.default\">\n\t\t\t\t<div class=\"elementor-widget-container\">\n\t\t\t\t\t\t\t\t\t<p data-start=\"131\" data-end=\"448\"><strong data-start=\"131\" data-end=\"171\">Furkan Ery\u0131lmaz Law and Consultancy<\/strong> olarak, m\u00fcvekkillerimize g\u00fcvenli ve h\u0131zl\u0131 \u00f6deme imk\u00e2n\u0131 sunan <strong data-start=\"233\" data-end=\"255\">e-Tahsilat Sistemi<\/strong>ni kullan\u0131yoruz. Bu sistem sayesinde; <strong data-start=\"293\" data-end=\"396\">dava ve dosya bor\u00e7lar\u0131n\u0131z\u0131, avukatl\u0131k \u00fccretlerinizi, yarg\u0131lama giderlerinizi ve di\u011fer \u00f6demelerinizi<\/strong> kredi kart\u0131n\u0131zla g\u00fcvenle ger\u00e7ekle\u015ftirebilirsiniz.<\/p><p data-start=\"450\" data-end=\"674\">\u00d6demelerinizi banka hesab\u0131m\u0131za <strong data-start=\"481\" data-end=\"500\">EFT veya havale<\/strong> yoluyla yapabilece\u011finiz gibi, e-Tahsilat sistemi \u00fczerinden <strong data-start=\"560\" data-end=\"607\">kredi kart\u0131n\u0131za uygun taksit se\u00e7enekleriyle<\/strong> 3D g\u00fcvenlik altyap\u0131s\u0131n\u0131 kullanarak kolayca \u00f6deme yapabilirsiniz.<\/p>\t\t\t\t\t\t\t\t<\/div>\n\t\t\t\t<\/div>\n\t\t\t\t<div class=\"elementor-element elementor-element-7130fb0 elementor-widget elementor-widget-heading\" data-id=\"7130fb0\" data-element_type=\"widget\" data-widget_type=\"heading.default\">\n\t\t\t\t<div class=\"elementor-widget-container\">\n\t\t\t\t\t<h2 class=\"elementor-heading-title elementor-size-default\">e-Tahsilat Sistemi Nas\u0131l Kullan\u0131l\u0131r?<\/h2>\t\t\t\t<\/div>\n\t\t\t\t<\/div>\n\t\t\t\t<div class=\"elementor-element elementor-element-f1789be elementor-widget elementor-widget-text-editor\" data-id=\"f1789be\" data-element_type=\"widget\" data-widget_type=\"text-editor.default\">\n\t\t\t\t<div class=\"elementor-widget-container\">\n\t\t\t\t\t\t\t\t\t<ul><li data-start=\"729\" data-end=\"813\"><strong data-start=\"732\" data-end=\"747\">&#8220;\u00d6deme Yap&#8221;<\/strong> butonuna t\u0131klayarak g\u00fcvenli \u00f6deme sistemine y\u00f6nlendirilirsiniz.<\/li><li data-start=\"814\" data-end=\"913\">A\u00e7\u0131lan sayfada gerekli bilgileri doldurduktan sonra <strong data-start=\"869\" data-end=\"892\">\u201cSonraki Ad\u0131ma Ge\u00e7\u201d<\/strong> butonuna t\u0131klay\u0131n.<\/li><li data-start=\"914\" data-end=\"989\">\u00d6deme ad\u0131m\u0131nda, dilerseniz taksit se\u00e7eneklerinden yararlanabilirsiniz.<\/li><li data-start=\"990\" data-end=\"1055\"><strong data-start=\"993\" data-end=\"1022\">Kredi kart\u0131 bilgilerinizi<\/strong> girerek i\u015fleminizi tamamlay\u0131n.<\/li><li data-start=\"1056\" data-end=\"1127\">\u00d6demenizin sonucunu ve dekont bilgilerinizi g\u00f6r\u00fcnt\u00fcleyebilirsiniz.<\/li><\/ul>\t\t\t\t\t\t\t\t<\/div>\n\t\t\t\t<\/div>\n\t\t\t\t<div class=\"elementor-element elementor-element-d9e8104 elementor-widget elementor-widget-heading\" data-id=\"d9e8104\" data-element_type=\"widget\" data-widget_type=\"heading.default\">\n\t\t\t\t<div class=\"elementor-widget-container\">\n\t\t\t\t\t<h2 class=\"elementor-heading-title elementor-size-default\">\u00d6nemli Hat\u0131rlatma!<\/h2>\t\t\t\t<\/div>\n\t\t\t\t<\/div>\n\t\t\t\t<div class=\"elementor-element elementor-element-31d499a elementor-widget elementor-widget-text-editor\" data-id=\"31d499a\" data-element_type=\"widget\" data-widget_type=\"text-editor.default\">\n\t\t\t\t<div class=\"elementor-widget-container\">\n\t\t\t\t\t\t\t\t\t<p data-start=\"1164\" data-end=\"1553\">&#8211;\u00a0\u00a0<strong data-start=\"1166\" data-end=\"1219\">\u00d6deme al\u0131c\u0131 bilgisini kontrol etmeyi unutmay\u0131n\u0131z.<\/strong><br data-start=\"1219\" data-end=\"1222\" \/>&#8211;\u00a0 \u0130\u015flem s\u0131ras\u0131nda <strong data-start=\"1240\" data-end=\"1262\">&#8220;\u00d6deme A\u00e7\u0131klamas\u0131&#8221;<\/strong> b\u00f6l\u00fcm\u00fcne <strong data-start=\"1272\" data-end=\"1316\">Dosya No, Bor\u00e7lu \u00dcnvan\u0131, Alacakl\u0131 \u00dcnvan\u0131<\/strong> gibi bilgileri eksiksiz yazd\u0131\u011f\u0131n\u0131zdan emin olunuz.<br data-start=\"1367\" data-end=\"1370\" \/>&#8211; \u00d6deme i\u015flemi i\u00e7in mutlaka <strong data-start=\"1398\" data-end=\"1424\">resmi internet sitemiz<\/strong> \u00fczerinden giri\u015f yap\u0131n\u0131z. Kopyala \/ yap\u0131\u015ft\u0131r y\u00f6ntemiyle farkl\u0131 bir ba\u011flant\u0131dan eri\u015fim sa\u011flamak hata mesajlar\u0131na neden olabilir.<\/p><p data-start=\"1555\" data-end=\"1757\"><strong data-start=\"1555\" data-end=\"1664\">Furkan Ery\u0131lmaz Hukuk ve Dan\u0131\u015fmanl\u0131k olarak e-Tahsilat Sistemimizi tercih etti\u011finiz i\u00e7in te\u015fekk\u00fcr ederiz.<\/strong> \u00d6deme i\u015flemlerinizle ilgili her t\u00fcrl\u00fc deste\u011fi almak i\u00e7in bizimle ileti\u015fime ge\u00e7ebilirsiniz:<\/p><p data-start=\"1759\" data-end=\"1839\"><img decoding=\"async\" class=\"emoji\" role=\"img\" draggable=\"false\" src=\"https:\/\/s.w.org\/images\/core\/emoji\/15.0.3\/svg\/1f4de.svg\" alt=\"\ud83d\udcde\" title=\"\"> <strong data-start=\"1762\" data-end=\"1775\">\u0130leti\u015fim:<\/strong> <a href=\"tel:+90 554 513 14 97\">+90 554 513 14 97<\/a><br data-start=\"1790\" data-end=\"1793\" \/><img decoding=\"async\" class=\"emoji\" role=\"img\" draggable=\"false\" src=\"https:\/\/s.w.org\/images\/core\/emoji\/15.0.3\/svg\/1f4e7.svg\" alt=\"\ud83d\udce7\" title=\"\"> <strong data-start=\"1796\" data-end=\"1808\">E-posta:<\/strong> <a href=\"mailto:avfurkaneryilmaz@gmail.com\" rel=\"noopener\" data-start=\"1809\" data-end=\"1837\">avfurkaneryilmaz@gmail.com<\/a><\/p>\t\t\t\t\t\t\t\t<\/div>\n\t\t\t\t<\/div>\n\t\t\t\t\t<\/div>\n\t\t\t\t<\/div>\n\t\t\t\t<\/div>","protected":false},"excerpt":{"rendered":"<p>AVUKAT FURKAN ERYILMAZ\u00d6DEME YAPMAK \u0130\u00c7\u0130N TIKLAYINIZ \u00d6DEME YAPMAK \u0130\u00c7\u0130N TIKLAYINIZ e-Tahsilat Sistemi Nedir? Furkan Ery\u0131lmaz Hukuk ve Dan\u0131\u015fmanl\u0131k olarak, m\u00fcvekkillerimize g\u00fcvenli ve h\u0131zl\u0131 \u00f6deme imk\u00e2n\u0131 sunan e-Tahsilat Sistemini kullan\u0131yoruz. Bu sistem sayesinde; dava ve dosya bor\u00e7lar\u0131n\u0131z\u0131, avukatl\u0131k \u00fccretlerinizi, yarg\u0131lama giderlerinizi ve di\u011fer \u00f6demelerinizi kredi kart\u0131n\u0131zla g\u00fcvenle ger\u00e7ekle\u015ftirebilirsiniz. \u00d6demelerinizi banka hesab\u0131m\u0131za EFT veya havale yoluyla yapabilece\u011finiz [&hellip;]<\/p>","protected":false},"author":1,"featured_media":0,"parent":0,"menu_order":0,"comment_status":"closed","ping_status":"closed","template":"","meta":{"footnotes":""},"class_list":["post-4395","page","type-page","status-publish","hentry"],"_links":{"self":[{"href":"https:\/\/avfurkaneryilmaz.com\/en\/wp-json\/wp\/v2\/pages\/4395","targetHints":{"allow":["GET"]}}],"collection":[{"href":"https:\/\/avfurkaneryilmaz.com\/en\/wp-json\/wp\/v2\/pages"}],"about":[{"href":"https:\/\/avfurkaneryilmaz.com\/en\/wp-json\/wp\/v2\/types\/page"}],"author":[{"embeddable":true,"href":"https:\/\/avfurkaneryilmaz.com\/en\/wp-json\/wp\/v2\/users\/1"}],"replies":[{"embeddable":true,"href":"https:\/\/avfurkaneryilmaz.com\/en\/wp-json\/wp\/v2\/comments?post=4395"}],"version-history":[{"count":28,"href":"https:\/\/avfurkaneryilmaz.com\/en\/wp-json\/wp\/v2\/pages\/4395\/revisions"}],"predecessor-version":[{"id":4436,"href":"https:\/\/avfurkaneryilmaz.com\/en\/wp-json\/wp\/v2\/pages\/4395\/revisions\/4436"}],"wp:attachment":[{"href":"https:\/\/avfurkaneryilmaz.com\/en\/wp-json\/wp\/v2\/media?parent=4395"}],"curies":[{"name":"wp","href":"https:\/\/api.w.org\/{rel}","templated":true}]}}