{"id":3700,"date":"2023-04-24T21:30:33","date_gmt":"2023-04-24T18:30:33","guid":{"rendered":"https:\/\/avfurkaneryilmaz.com\/?page_id=3700"},"modified":"2023-06-23T11:26:54","modified_gmt":"2023-06-23T08:26:54","slug":"vergi-hukuku","status":"publish","type":"page","link":"https:\/\/avfurkaneryilmaz.com\/en\/vergi-hukuku","title":{"rendered":"Tax Law"},"content":{"rendered":"<div data-elementor-type=\"wp-page\" data-elementor-id=\"3700\" class=\"elementor elementor-3700\" data-elementor-post-type=\"page\">\n\t\t\t\t\t\t<section class=\"elementor-section elementor-top-section elementor-element elementor-element-4787eebb elementor-section-boxed elementor-section-height-default elementor-section-height-default\" data-id=\"4787eebb\" data-element_type=\"section\">\n\t\t\t\t\t\t<div class=\"elementor-container elementor-column-gap-default\">\n\t\t\t\t\t<div class=\"elementor-column elementor-col-33 elementor-top-column elementor-element elementor-element-3dd69681\" data-id=\"3dd69681\" data-element_type=\"column\">\n\t\t\t<div class=\"elementor-widget-wrap elementor-element-populated\">\n\t\t\t\t\t\t<div class=\"elementor-element elementor-element-4680f14a elementor-widget elementor-widget-heading\" data-id=\"4680f14a\" data-element_type=\"widget\" data-widget_type=\"heading.default\">\n\t\t\t\t<div class=\"elementor-widget-container\">\n\t\t\t\t\t<span class=\"elementor-heading-title elementor-size-default\">Our Activity Areas<\/span>\t\t\t\t<\/div>\n\t\t\t\t<\/div>\n\t\t\t\t<div class=\"elementor-element elementor-element-1a1dc741 elementor-nav-menu__align-start elementor-nav-menu--dropdown-none elementor-widget elementor-widget-global elementor-global-3628 elementor-widget-nav-menu\" data-id=\"1a1dc741\" data-element_type=\"widget\" data-settings=\"{&quot;layout&quot;:&quot;vertical&quot;,&quot;submenu_icon&quot;:{&quot;value&quot;:&quot;&quot;,&quot;library&quot;:&quot;&quot;}}\" data-widget_type=\"nav-menu.default\">\n\t\t\t\t<div class=\"elementor-widget-container\">\n\t\t\t\t\t\t\t\t<nav aria-label=\"Menu\" class=\"elementor-nav-menu--main elementor-nav-menu__container elementor-nav-menu--layout-vertical e--pointer-background e--animation-sweep-right\">\n\t\t\t\t<ul id=\"menu-1-1a1dc741\" class=\"elementor-nav-menu sm-vertical\"><li class=\"menu-item menu-item-type-post_type menu-item-object-page menu-item-3601\"><a href=\"https:\/\/avfurkaneryilmaz.com\/en\/sirketler-hukuku\" class=\"elementor-item\">Corporate Law<\/a><\/li>\n<li class=\"menu-item menu-item-type-post_type menu-item-object-page menu-item-3617\"><a href=\"https:\/\/avfurkaneryilmaz.com\/en\/gayrimenkul-hukuku\" class=\"elementor-item\">Real Estate Law<\/a><\/li>\n<li class=\"menu-item menu-item-type-post_type menu-item-object-page menu-item-3624\"><a href=\"https:\/\/avfurkaneryilmaz.com\/en\/is-hukuku\" class=\"elementor-item\">Labour Law<\/a><\/li>\n<li class=\"menu-item menu-item-type-post_type menu-item-object-page menu-item-3634\"><a href=\"https:\/\/avfurkaneryilmaz.com\/en\/sigorta-hukuku\" class=\"elementor-item\">Sigorta Hukuku<\/a><\/li>\n<li class=\"menu-item menu-item-type-post_type menu-item-object-page menu-item-3644\"><a href=\"https:\/\/avfurkaneryilmaz.com\/en\/sozlesmeler-hukuku\" class=\"elementor-item\">Contracts Law<\/a><\/li>\n<li class=\"menu-item menu-item-type-post_type menu-item-object-page menu-item-3657\"><a href=\"https:\/\/avfurkaneryilmaz.com\/en\/icra-hukuku\" class=\"elementor-item\">Enforcement Law<\/a><\/li>\n<li class=\"menu-item menu-item-type-post_type menu-item-object-page menu-item-3691\"><a href=\"https:\/\/avfurkaneryilmaz.com\/en\/ceza-hukuku\" class=\"elementor-item\">Criminal Law<\/a><\/li>\n<li class=\"menu-item menu-item-type-post_type menu-item-object-page menu-item-3698\"><a href=\"https:\/\/avfurkaneryilmaz.com\/en\/idare-hukuku\" class=\"elementor-item\">Administrative law<\/a><\/li>\n<li class=\"menu-item menu-item-type-post_type menu-item-object-page menu-item-3705\"><a href=\"https:\/\/avfurkaneryilmaz.com\/en\/vergi-hukuku\" class=\"elementor-item\">Tax Law<\/a><\/li>\n<\/ul>\t\t\t<\/nav>\n\t\t\t\t\t\t<nav class=\"elementor-nav-menu--dropdown elementor-nav-menu__container\" aria-hidden=\"true\">\n\t\t\t\t<ul id=\"menu-2-1a1dc741\" class=\"elementor-nav-menu sm-vertical\"><li class=\"menu-item menu-item-type-post_type menu-item-object-page menu-item-3601\"><a href=\"https:\/\/avfurkaneryilmaz.com\/en\/sirketler-hukuku\" class=\"elementor-item\" tabindex=\"-1\">Corporate Law<\/a><\/li>\n<li class=\"menu-item menu-item-type-post_type menu-item-object-page menu-item-3617\"><a href=\"https:\/\/avfurkaneryilmaz.com\/en\/gayrimenkul-hukuku\" class=\"elementor-item\" tabindex=\"-1\">Real Estate Law<\/a><\/li>\n<li class=\"menu-item menu-item-type-post_type menu-item-object-page menu-item-3624\"><a href=\"https:\/\/avfurkaneryilmaz.com\/en\/is-hukuku\" class=\"elementor-item\" tabindex=\"-1\">Labour Law<\/a><\/li>\n<li class=\"menu-item menu-item-type-post_type menu-item-object-page menu-item-3634\"><a href=\"https:\/\/avfurkaneryilmaz.com\/en\/sigorta-hukuku\" class=\"elementor-item\" tabindex=\"-1\">Sigorta Hukuku<\/a><\/li>\n<li class=\"menu-item menu-item-type-post_type menu-item-object-page menu-item-3644\"><a href=\"https:\/\/avfurkaneryilmaz.com\/en\/sozlesmeler-hukuku\" class=\"elementor-item\" tabindex=\"-1\">Contracts Law<\/a><\/li>\n<li class=\"menu-item menu-item-type-post_type menu-item-object-page menu-item-3657\"><a href=\"https:\/\/avfurkaneryilmaz.com\/en\/icra-hukuku\" class=\"elementor-item\" tabindex=\"-1\">Enforcement Law<\/a><\/li>\n<li class=\"menu-item menu-item-type-post_type menu-item-object-page menu-item-3691\"><a href=\"https:\/\/avfurkaneryilmaz.com\/en\/ceza-hukuku\" class=\"elementor-item\" tabindex=\"-1\">Criminal Law<\/a><\/li>\n<li class=\"menu-item menu-item-type-post_type menu-item-object-page menu-item-3698\"><a href=\"https:\/\/avfurkaneryilmaz.com\/en\/idare-hukuku\" class=\"elementor-item\" tabindex=\"-1\">Administrative law<\/a><\/li>\n<li class=\"menu-item menu-item-type-post_type menu-item-object-page menu-item-3705\"><a href=\"https:\/\/avfurkaneryilmaz.com\/en\/vergi-hukuku\" class=\"elementor-item\" tabindex=\"-1\">Tax Law<\/a><\/li>\n<\/ul>\t\t\t<\/nav>\n\t\t\t\t\t\t<\/div>\n\t\t\t\t<\/div>\n\t\t\t\t\t<\/div>\n\t\t<\/div>\n\t\t\t\t<div class=\"elementor-column elementor-col-66 elementor-top-column elementor-element elementor-element-8be4d9\" data-id=\"8be4d9\" data-element_type=\"column\">\n\t\t\t<div class=\"elementor-widget-wrap elementor-element-populated\">\n\t\t\t\t\t\t<div class=\"elementor-element elementor-element-1144b929 elementor-widget elementor-widget-heading\" data-id=\"1144b929\" data-element_type=\"widget\" data-widget_type=\"heading.default\">\n\t\t\t\t<div class=\"elementor-widget-container\">\n\t\t\t\t\t<h1 class=\"elementor-heading-title elementor-size-default\">Tax Law<\/h1>\t\t\t\t<\/div>\n\t\t\t\t<\/div>\n\t\t\t\t<div class=\"elementor-element elementor-element-d471ab elementor-widget elementor-widget-heading\" data-id=\"d471ab\" data-element_type=\"widget\" data-widget_type=\"heading.default\">\n\t\t\t\t<div class=\"elementor-widget-container\">\n\t\t\t\t\t<h2 class=\"elementor-heading-title elementor-size-default\">What is Tax Law?<\/h2>\t\t\t\t<\/div>\n\t\t\t\t<\/div>\n\t\t\t\t<div class=\"elementor-element elementor-element-8b572e1 elementor-widget elementor-widget-text-editor\" data-id=\"8b572e1\" data-element_type=\"widget\" data-widget_type=\"text-editor.default\">\n\t\t\t\t<div class=\"elementor-widget-container\">\n\t\t\t\t\t\t\t\t\t<p class=\"p1\" style=\"margin-right: 0px; margin-bottom: 0px; margin-left: 0px; font-variant-numeric: normal; font-variant-east-asian: normal; font-variant-alternates: normal; font-kerning: auto; font-optical-sizing: auto; font-feature-settings: normal; font-variation-settings: normal; font-stretch: normal; line-height: normal; font-family: Helvetica; color: #1e1e1e; background-color: rgba(250, 246, 245, 0.43);\">Tax law is a branch of law that regulates the taxes that the state collects from real and legal persons for the purpose of generating income. This branch of law covers tax laws and regulations. It also regulates the penalties for non-compliance with tax rules.<span class=\"Apple-converted-space\">\u00a0<\/span><\/p><p class=\"p2\" style=\"margin-right: 0px; margin-bottom: 0px; margin-left: 0px; font-variant-numeric: normal; font-variant-east-asian: normal; font-variant-alternates: normal; font-kerning: auto; font-optical-sizing: auto; font-feature-settings: normal; font-variation-settings: normal; font-stretch: normal; line-height: normal; font-family: Helvetica; color: #1e1e1e; background-color: rgba(250, 246, 245, 0.43); min-height: 19px;\">\u00a0<\/p><p class=\"p1\" style=\"margin-right: 0px; margin-bottom: 0px; margin-left: 0px; font-variant-numeric: normal; font-variant-east-asian: normal; font-variant-alternates: normal; font-kerning: auto; font-optical-sizing: auto; font-feature-settings: normal; font-variation-settings: normal; font-stretch: normal; line-height: normal; font-family: Helvetica; color: #1e1e1e; background-color: rgba(250, 246, 245, 0.43);\">The scope of this branch of law consists of issues such as tax audits, reports kept in audits and objections to these reports, tax disputes, and tax penalties given to the parties.<span class=\"Apple-converted-space\">\u00a0<\/span><\/p>\t\t\t\t\t\t\t\t<\/div>\n\t\t\t\t<\/div>\n\t\t\t\t<div class=\"elementor-element elementor-element-68dd04a3 elementor-widget elementor-widget-heading\" data-id=\"68dd04a3\" data-element_type=\"widget\" data-widget_type=\"heading.default\">\n\t\t\t\t<div class=\"elementor-widget-container\">\n\t\t\t\t\t<h2 class=\"elementor-heading-title elementor-size-default\">What are we doing?<\/h2>\t\t\t\t<\/div>\n\t\t\t\t<\/div>\n\t\t\t\t<div class=\"elementor-element elementor-element-3194bea7 elementor-widget elementor-widget-text-editor\" data-id=\"3194bea7\" data-element_type=\"widget\" data-widget_type=\"text-editor.default\">\n\t\t\t\t<div class=\"elementor-widget-container\">\n\t\t\t\t\t\t\t\t\t<p class=\"p1\" style=\"margin-right: 0px; margin-bottom: 0px; margin-left: 0px; font-variant-numeric: normal; font-variant-east-asian: normal; font-variant-alternates: normal; font-kerning: auto; font-optical-sizing: auto; font-feature-settings: normal; font-variation-settings: normal; font-stretch: normal; line-height: normal; font-family: Helvetica; color: #1e1e1e; background-color: rgba(250, 246, 245, 0.43);\">Together with our business partners, Independent Accountants, Certified Public Accountants, Certified Public Accountants and Independent Auditors, we aim for our client companies to pass a legal tax period by notifying them of their tax bases, tax liabilities and the legal equivalent of the taxes to be paid. In addition, we manage our clients' preparation for possible tax audits and the legal processes against unfair taxation or unfair tax penalties from the beginning to the end.<span class=\"Apple-converted-space\">\u00a0<\/span><\/p><p class=\"p2\" style=\"margin-right: 0px; margin-bottom: 0px; margin-left: 0px; font-variant-numeric: normal; font-variant-east-asian: normal; font-variant-alternates: normal; font-kerning: auto; font-optical-sizing: auto; font-feature-settings: normal; font-variation-settings: normal; font-stretch: normal; line-height: normal; font-family: Helvetica; color: #1e1e1e; background-color: rgba(250, 246, 245, 0.43); min-height: 19px;\">\u00a0<\/p><p class=\"p1\" style=\"margin-right: 0px; margin-bottom: 0px; margin-left: 0px; font-variant-numeric: normal; font-variant-east-asian: normal; font-variant-alternates: normal; font-kerning: auto; font-optical-sizing: auto; font-feature-settings: normal; font-variation-settings: normal; font-stretch: normal; line-height: normal; font-family: Helvetica; color: #1e1e1e; background-color: rgba(250, 246, 245, 0.43);\">We inform them about possible restructuring processes, and we inform them when a tax amnesty or incentive program emerges.<span class=\"Apple-converted-space\">\u00a0<\/span><\/p><p class=\"p1\" style=\"margin-right: 0px; margin-bottom: 0px; margin-left: 0px; font-variant-numeric: normal; font-variant-east-asian: normal; font-variant-alternates: normal; font-kerning: auto; font-optical-sizing: auto; font-feature-settings: normal; font-variation-settings: normal; font-stretch: normal; line-height: normal; font-family: Helvetica; color: #1e1e1e; background-color: rgba(250, 246, 245, 0.43);\"><span class=\"Apple-converted-space\">\u00a0<\/span><\/p><p class=\"p1\" style=\"margin-right: 0px; margin-bottom: 14.4px; margin-left: 0px; font-variant-numeric: normal; font-variant-east-asian: normal; font-variant-alternates: normal; font-kerning: auto; font-optical-sizing: auto; font-feature-settings: normal; font-variation-settings: normal; font-stretch: normal; line-height: normal; font-family: 'Helvetica Neue'; color: #262626; background-color: #ffffff;\">To find solutions to all your legal problems, you can contact us or visit our office in Denizli.<\/p><p class=\"p1\" style=\"margin-right: 0px; margin-bottom: 0px; margin-left: 0px; font-variant-numeric: normal; font-variant-east-asian: normal; font-variant-alternates: normal; font-kerning: auto; font-optical-sizing: auto; font-feature-settings: normal; font-variation-settings: normal; font-stretch: normal; line-height: normal; font-family: Helvetica; color: #1e1e1e; background-color: rgba(250, 246, 245, 0.43);\">\u00a0<\/p><p class=\"p2\" style=\"margin-right: 0px; margin-bottom: 0px; margin-left: 0px; font-variant-numeric: normal; font-variant-east-asian: normal; font-variant-alternates: normal; font-kerning: auto; font-optical-sizing: auto; font-feature-settings: normal; font-variation-settings: normal; font-stretch: normal; line-height: normal; font-family: 'Helvetica Neue'; color: #262626; background-color: #ffffff;\">Denizli Lawyer Furkan Ery\u0131lmaz<\/p>\t\t\t\t\t\t\t\t<\/div>\n\t\t\t\t<\/div>\n\t\t\t\t\t<\/div>\n\t\t<\/div>\n\t\t\t\t\t<\/div>\n\t\t<\/section>\n\t\t\t\t<\/div>","protected":false},"excerpt":{"rendered":"<p>Faaliyet Alanlar\u0131m\u0131z Vergi Hukuku Vergi Hukuku Nedir? Vergi hukuku, devletin gelir elde etme amac\u0131 ile ger\u00e7ek ve t\u00fczel ki\u015filerden ald\u0131\u011f\u0131 vergileri d\u00fczenleyen bir hukuk dal\u0131d\u0131r. Bu hukuk dal\u0131, vergi kanunlar\u0131n\u0131, y\u00f6netmeliklerini kapsamaktad\u0131r. Ayn\u0131 zamanda vergi kurallar\u0131na uyulmamas\u0131 sonucu kar\u015f\u0131la\u015f\u0131lacak cezalar\u0131 da d\u00fczenlemektedir.\u00a0 \u00a0 Bu hukuk dal\u0131n\u0131n kapsam\u0131n\u0131, vergi denetimleri, denetimlerde tutulan raporlar ve bu raporlara [&hellip;]<\/p>","protected":false},"author":1,"featured_media":0,"parent":0,"menu_order":0,"comment_status":"closed","ping_status":"closed","template":"","meta":{"footnotes":""},"class_list":["post-3700","page","type-page","status-publish","hentry"],"_links":{"self":[{"href":"https:\/\/avfurkaneryilmaz.com\/en\/wp-json\/wp\/v2\/pages\/3700","targetHints":{"allow":["GET"]}}],"collection":[{"href":"https:\/\/avfurkaneryilmaz.com\/en\/wp-json\/wp\/v2\/pages"}],"about":[{"href":"https:\/\/avfurkaneryilmaz.com\/en\/wp-json\/wp\/v2\/types\/page"}],"author":[{"embeddable":true,"href":"https:\/\/avfurkaneryilmaz.com\/en\/wp-json\/wp\/v2\/users\/1"}],"replies":[{"embeddable":true,"href":"https:\/\/avfurkaneryilmaz.com\/en\/wp-json\/wp\/v2\/comments?post=3700"}],"version-history":[{"count":0,"href":"https:\/\/avfurkaneryilmaz.com\/en\/wp-json\/wp\/v2\/pages\/3700\/revisions"}],"wp:attachment":[{"href":"https:\/\/avfurkaneryilmaz.com\/en\/wp-json\/wp\/v2\/media?parent=3700"}],"curies":[{"name":"wp","href":"https:\/\/api.w.org\/{rel}","templated":true}]}}