{"id":3693,"date":"2023-04-24T21:27:15","date_gmt":"2023-04-24T18:27:15","guid":{"rendered":"https:\/\/avfurkaneryilmaz.com\/?page_id=3693"},"modified":"2023-06-23T11:25:05","modified_gmt":"2023-06-23T08:25:05","slug":"idare-hukuku","status":"publish","type":"page","link":"https:\/\/avfurkaneryilmaz.com\/en\/idare-hukuku","title":{"rendered":"Administrative law"},"content":{"rendered":"<div data-elementor-type=\"wp-page\" data-elementor-id=\"3693\" class=\"elementor elementor-3693\" data-elementor-post-type=\"page\">\n\t\t\t\t\t\t<section class=\"elementor-section elementor-top-section elementor-element elementor-element-687d663b elementor-section-boxed elementor-section-height-default elementor-section-height-default\" data-id=\"687d663b\" data-element_type=\"section\">\n\t\t\t\t\t\t<div class=\"elementor-container elementor-column-gap-default\">\n\t\t\t\t\t<div class=\"elementor-column elementor-col-33 elementor-top-column elementor-element elementor-element-e73f2f2\" data-id=\"e73f2f2\" data-element_type=\"column\">\n\t\t\t<div class=\"elementor-widget-wrap elementor-element-populated\">\n\t\t\t\t\t\t<div class=\"elementor-element elementor-element-5332d621 elementor-widget elementor-widget-heading\" data-id=\"5332d621\" data-element_type=\"widget\" data-widget_type=\"heading.default\">\n\t\t\t\t<div class=\"elementor-widget-container\">\n\t\t\t\t\t<span class=\"elementor-heading-title elementor-size-default\">Our Activity Areas<\/span>\t\t\t\t<\/div>\n\t\t\t\t<\/div>\n\t\t\t\t<div class=\"elementor-element elementor-element-6ad908de elementor-nav-menu__align-start elementor-nav-menu--dropdown-none elementor-widget elementor-widget-global elementor-global-3628 elementor-widget-nav-menu\" data-id=\"6ad908de\" data-element_type=\"widget\" data-settings=\"{&quot;layout&quot;:&quot;vertical&quot;,&quot;submenu_icon&quot;:{&quot;value&quot;:&quot;&quot;,&quot;library&quot;:&quot;&quot;}}\" data-widget_type=\"nav-menu.default\">\n\t\t\t\t<div class=\"elementor-widget-container\">\n\t\t\t\t\t\t\t\t<nav aria-label=\"Menu\" class=\"elementor-nav-menu--main elementor-nav-menu__container elementor-nav-menu--layout-vertical e--pointer-background e--animation-sweep-right\">\n\t\t\t\t<ul id=\"menu-1-6ad908de\" class=\"elementor-nav-menu sm-vertical\"><li class=\"menu-item menu-item-type-post_type menu-item-object-page menu-item-3601\"><a href=\"https:\/\/avfurkaneryilmaz.com\/en\/sirketler-hukuku\" class=\"elementor-item\">Corporate Law<\/a><\/li>\n<li class=\"menu-item menu-item-type-post_type menu-item-object-page menu-item-3617\"><a href=\"https:\/\/avfurkaneryilmaz.com\/en\/gayrimenkul-hukuku\" class=\"elementor-item\">Real Estate Law<\/a><\/li>\n<li class=\"menu-item menu-item-type-post_type menu-item-object-page menu-item-3624\"><a href=\"https:\/\/avfurkaneryilmaz.com\/en\/is-hukuku\" class=\"elementor-item\">Labour Law<\/a><\/li>\n<li class=\"menu-item menu-item-type-post_type menu-item-object-page menu-item-3634\"><a href=\"https:\/\/avfurkaneryilmaz.com\/en\/sigorta-hukuku\" class=\"elementor-item\">Sigorta Hukuku<\/a><\/li>\n<li class=\"menu-item menu-item-type-post_type menu-item-object-page menu-item-3644\"><a href=\"https:\/\/avfurkaneryilmaz.com\/en\/sozlesmeler-hukuku\" class=\"elementor-item\">Contracts Law<\/a><\/li>\n<li class=\"menu-item menu-item-type-post_type menu-item-object-page menu-item-3657\"><a href=\"https:\/\/avfurkaneryilmaz.com\/en\/icra-hukuku\" class=\"elementor-item\">Enforcement Law<\/a><\/li>\n<li class=\"menu-item menu-item-type-post_type menu-item-object-page menu-item-3691\"><a href=\"https:\/\/avfurkaneryilmaz.com\/en\/ceza-hukuku\" class=\"elementor-item\">Criminal Law<\/a><\/li>\n<li class=\"menu-item menu-item-type-post_type menu-item-object-page menu-item-3698\"><a href=\"https:\/\/avfurkaneryilmaz.com\/en\/idare-hukuku\" class=\"elementor-item\">Administrative law<\/a><\/li>\n<li class=\"menu-item menu-item-type-post_type menu-item-object-page menu-item-3705\"><a href=\"https:\/\/avfurkaneryilmaz.com\/en\/vergi-hukuku\" class=\"elementor-item\">Tax Law<\/a><\/li>\n<\/ul>\t\t\t<\/nav>\n\t\t\t\t\t\t<nav class=\"elementor-nav-menu--dropdown elementor-nav-menu__container\" aria-hidden=\"true\">\n\t\t\t\t<ul id=\"menu-2-6ad908de\" class=\"elementor-nav-menu sm-vertical\"><li class=\"menu-item menu-item-type-post_type menu-item-object-page menu-item-3601\"><a href=\"https:\/\/avfurkaneryilmaz.com\/en\/sirketler-hukuku\" class=\"elementor-item\" tabindex=\"-1\">Corporate Law<\/a><\/li>\n<li class=\"menu-item menu-item-type-post_type menu-item-object-page menu-item-3617\"><a href=\"https:\/\/avfurkaneryilmaz.com\/en\/gayrimenkul-hukuku\" class=\"elementor-item\" tabindex=\"-1\">Real Estate Law<\/a><\/li>\n<li class=\"menu-item menu-item-type-post_type menu-item-object-page menu-item-3624\"><a href=\"https:\/\/avfurkaneryilmaz.com\/en\/is-hukuku\" class=\"elementor-item\" tabindex=\"-1\">Labour Law<\/a><\/li>\n<li class=\"menu-item menu-item-type-post_type menu-item-object-page menu-item-3634\"><a href=\"https:\/\/avfurkaneryilmaz.com\/en\/sigorta-hukuku\" class=\"elementor-item\" tabindex=\"-1\">Sigorta Hukuku<\/a><\/li>\n<li class=\"menu-item menu-item-type-post_type menu-item-object-page menu-item-3644\"><a href=\"https:\/\/avfurkaneryilmaz.com\/en\/sozlesmeler-hukuku\" class=\"elementor-item\" tabindex=\"-1\">Contracts Law<\/a><\/li>\n<li class=\"menu-item menu-item-type-post_type menu-item-object-page menu-item-3657\"><a href=\"https:\/\/avfurkaneryilmaz.com\/en\/icra-hukuku\" class=\"elementor-item\" tabindex=\"-1\">Enforcement Law<\/a><\/li>\n<li class=\"menu-item menu-item-type-post_type menu-item-object-page menu-item-3691\"><a href=\"https:\/\/avfurkaneryilmaz.com\/en\/ceza-hukuku\" class=\"elementor-item\" tabindex=\"-1\">Criminal Law<\/a><\/li>\n<li class=\"menu-item menu-item-type-post_type menu-item-object-page menu-item-3698\"><a href=\"https:\/\/avfurkaneryilmaz.com\/en\/idare-hukuku\" class=\"elementor-item\" tabindex=\"-1\">Administrative law<\/a><\/li>\n<li class=\"menu-item menu-item-type-post_type menu-item-object-page menu-item-3705\"><a href=\"https:\/\/avfurkaneryilmaz.com\/en\/vergi-hukuku\" class=\"elementor-item\" tabindex=\"-1\">Tax Law<\/a><\/li>\n<\/ul>\t\t\t<\/nav>\n\t\t\t\t\t\t<\/div>\n\t\t\t\t<\/div>\n\t\t\t\t\t<\/div>\n\t\t<\/div>\n\t\t\t\t<div class=\"elementor-column elementor-col-66 elementor-top-column elementor-element elementor-element-6073d686\" data-id=\"6073d686\" data-element_type=\"column\">\n\t\t\t<div class=\"elementor-widget-wrap elementor-element-populated\">\n\t\t\t\t\t\t<div class=\"elementor-element elementor-element-678e31 elementor-widget elementor-widget-heading\" data-id=\"678e31\" data-element_type=\"widget\" data-widget_type=\"heading.default\">\n\t\t\t\t<div class=\"elementor-widget-container\">\n\t\t\t\t\t<h1 class=\"elementor-heading-title elementor-size-default\">Administrative law<\/h1>\t\t\t\t<\/div>\n\t\t\t\t<\/div>\n\t\t\t\t<div class=\"elementor-element elementor-element-4ab31138 elementor-widget elementor-widget-heading\" data-id=\"4ab31138\" data-element_type=\"widget\" data-widget_type=\"heading.default\">\n\t\t\t\t<div class=\"elementor-widget-container\">\n\t\t\t\t\t<h2 class=\"elementor-heading-title elementor-size-default\">What is Administrative Law?<\/h2>\t\t\t\t<\/div>\n\t\t\t\t<\/div>\n\t\t\t\t<div class=\"elementor-element elementor-element-63edd998 elementor-widget elementor-widget-text-editor\" data-id=\"63edd998\" data-element_type=\"widget\" data-widget_type=\"text-editor.default\">\n\t\t\t\t<div class=\"elementor-widget-container\">\n\t\t\t\t\t\t\t\t\t<p class=\"p1\" style=\"margin-right: 0px; margin-bottom: 0px; margin-left: 0px; font-variant-numeric: normal; font-variant-east-asian: normal; font-variant-alternates: normal; font-kerning: auto; font-optical-sizing: auto; font-feature-settings: normal; font-variation-settings: normal; font-stretch: normal; line-height: normal; font-family: 'Helvetica Neue'; color: #262626; background-color: #ffffff;\">Administrative law is a branch of law that contains the necessary regulations for the administration of the state and supervises the administration of the state. It is a branch of law that regulates all the relations of the state with individuals and other institutions.<span class=\"Apple-converted-space\">\u00a0<\/span><\/p><p class=\"p2\" style=\"margin-right: 0px; margin-bottom: 0px; margin-left: 0px; font-variant-numeric: normal; font-variant-east-asian: normal; font-variant-alternates: normal; font-kerning: auto; font-optical-sizing: auto; font-feature-settings: normal; font-variation-settings: normal; font-stretch: normal; line-height: normal; font-family: 'Helvetica Neue'; color: #262626; background-color: #ffffff; min-height: 18px;\">\u00a0<\/p><p class=\"p1\" style=\"margin-right: 0px; margin-bottom: 0px; margin-left: 0px; font-variant-numeric: normal; font-variant-east-asian: normal; font-variant-alternates: normal; font-kerning: auto; font-optical-sizing: auto; font-feature-settings: normal; font-variation-settings: normal; font-stretch: normal; line-height: normal; font-family: 'Helvetica Neue'; color: #262626; background-color: #ffffff;\">Administrative Law covers issues such as cancellation and suspension of administrative proceedings, implementation of administrative contracts, objections to sanctions imposed by the public administration.<\/p>\t\t\t\t\t\t\t\t<\/div>\n\t\t\t\t<\/div>\n\t\t\t\t<div class=\"elementor-element elementor-element-6b460813 elementor-widget elementor-widget-heading\" data-id=\"6b460813\" data-element_type=\"widget\" data-widget_type=\"heading.default\">\n\t\t\t\t<div class=\"elementor-widget-container\">\n\t\t\t\t\t<h2 class=\"elementor-heading-title elementor-size-default\">What are we doing?<\/h2>\t\t\t\t<\/div>\n\t\t\t\t<\/div>\n\t\t\t\t<div class=\"elementor-element elementor-element-7c2c7a7b elementor-widget elementor-widget-text-editor\" data-id=\"7c2c7a7b\" data-element_type=\"widget\" data-widget_type=\"text-editor.default\">\n\t\t\t\t<div class=\"elementor-widget-container\">\n\t\t\t\t\t\t\t\t\t<p class=\"p1\" style=\"margin-right: 0px; margin-bottom: 0px; margin-left: 0px; font-variant-numeric: normal; font-variant-east-asian: normal; font-variant-alternates: normal; font-kerning: auto; font-optical-sizing: auto; font-feature-settings: normal; font-variation-settings: normal; font-stretch: normal; line-height: normal; font-family: 'Helvetica Neue'; color: #262626; background-color: #ffffff;\">As an office, we analyze the problems that our clients may experience in their administrative proceedings, and defend the rights of our clients by filing administrative lawsuits in case of emerging problems. We supervise the transactions to be made by the client companies regarding institutions such as SSI, etc., and we provide consultancy in order to ensure that the transactions carried out are in compliance with the law. However, in case of disputes that arise, we manage the legal process in order to obtain the rights and receivables of our clients in the healthiest way possible.<\/p>\n<p class=\"p2\" style=\"margin-right: 0px; margin-bottom: 0px; margin-left: 0px; font-variant-numeric: normal; font-variant-east-asian: normal; font-variant-alternates: normal; font-kerning: auto; font-optical-sizing: auto; font-feature-settings: normal; font-variation-settings: normal; font-stretch: normal; line-height: normal; font-family: 'Helvetica Neue'; color: #262626; background-color: #ffffff; min-height: 18px;\">\n<\/p><p class=\"p3\" style=\"margin-right: 0px; margin-bottom: 14.4px; margin-left: 0px; font-variant-numeric: normal; font-variant-east-asian: normal; font-variant-alternates: normal; font-kerning: auto; font-optical-sizing: auto; font-feature-settings: normal; font-variation-settings: normal; font-stretch: normal; line-height: normal; font-family: 'Helvetica Neue'; color: #262626; background-color: #ffffff;\">To find solutions to all your legal problems, you can contact us or visit our office in Denizli.<\/p><p class=\"p3\" style=\"margin-right: 0px; margin-bottom: 14.4px; margin-left: 0px; font-variant-numeric: normal; font-variant-east-asian: normal; font-variant-alternates: normal; font-kerning: auto; font-optical-sizing: auto; font-feature-settings: normal; font-variation-settings: normal; font-stretch: normal; line-height: normal; font-family: 'Helvetica Neue'; color: #262626; background-color: #ffffff;\"><br><\/p><p class=\"p1\" style=\"margin-right: 0px; margin-bottom: 0px; margin-left: 0px; font-variant-numeric: normal; font-variant-east-asian: normal; font-variant-alternates: normal; font-kerning: auto; font-optical-sizing: auto; font-feature-settings: normal; font-variation-settings: normal; font-stretch: normal; font-size: 16px; line-height: normal; font-family: &quot;Helvetica Neue&quot;; color: rgb(38, 38, 38); background-color: rgb(255, 255, 255); letter-spacing: normal;\">Denizli Lawyer Furkan Ery\u0131lmaz<\/p>\t\t\t\t\t\t\t\t<\/div>\n\t\t\t\t<\/div>\n\t\t\t\t\t<\/div>\n\t\t<\/div>\n\t\t\t\t\t<\/div>\n\t\t<\/section>\n\t\t\t\t<\/div>","protected":false},"excerpt":{"rendered":"<p>Faaliyet Alanlar\u0131m\u0131z \u0130dare Hukuku \u0130dare Hukuku Nedir? \u0130dare hukuku, devletin y\u00f6netimi i\u00e7in gerekli d\u00fczenlemelerin bulundu\u011fu ve devletin y\u00f6netimini denetleyen bir hukuk dal\u0131d\u0131r. Devletin, bireylerle ve di\u011fer kurumlarla olan t\u00fcm ili\u015fkisini d\u00fczenleyen bir hukuk dal\u0131d\u0131r.\u00a0 \u00a0 \u0130dare Hukuku \u0130dari i\u015flemlerin iptali ve durdurulmas\u0131, \u0130dari s\u00f6zle\u015fmelerin uygulanmas\u0131, kamu idaresinin uygulad\u0131\u011f\u0131 yapt\u0131r\u0131mlar\u0131n itirazlar\u0131 gibi konular\u0131 kapsamaktad\u0131r. Biz Ne [&hellip;]<\/p>","protected":false},"author":1,"featured_media":0,"parent":0,"menu_order":0,"comment_status":"closed","ping_status":"closed","template":"","meta":{"footnotes":""},"class_list":["post-3693","page","type-page","status-publish","hentry"],"_links":{"self":[{"href":"https:\/\/avfurkaneryilmaz.com\/en\/wp-json\/wp\/v2\/pages\/3693","targetHints":{"allow":["GET"]}}],"collection":[{"href":"https:\/\/avfurkaneryilmaz.com\/en\/wp-json\/wp\/v2\/pages"}],"about":[{"href":"https:\/\/avfurkaneryilmaz.com\/en\/wp-json\/wp\/v2\/types\/page"}],"author":[{"embeddable":true,"href":"https:\/\/avfurkaneryilmaz.com\/en\/wp-json\/wp\/v2\/users\/1"}],"replies":[{"embeddable":true,"href":"https:\/\/avfurkaneryilmaz.com\/en\/wp-json\/wp\/v2\/comments?post=3693"}],"version-history":[{"count":0,"href":"https:\/\/avfurkaneryilmaz.com\/en\/wp-json\/wp\/v2\/pages\/3693\/revisions"}],"wp:attachment":[{"href":"https:\/\/avfurkaneryilmaz.com\/en\/wp-json\/wp\/v2\/media?parent=3693"}],"curies":[{"name":"wp","href":"https:\/\/api.w.org\/{rel}","templated":true}]}}