{"id":3680,"date":"2023-04-24T21:18:14","date_gmt":"2023-04-24T18:18:14","guid":{"rendered":"https:\/\/avfurkaneryilmaz.com\/?page_id=3680"},"modified":"2023-06-23T11:22:50","modified_gmt":"2023-06-23T08:22:50","slug":"ceza-hukuku","status":"publish","type":"page","link":"https:\/\/avfurkaneryilmaz.com\/en\/ceza-hukuku","title":{"rendered":"Criminal Law"},"content":{"rendered":"<div data-elementor-type=\"wp-page\" data-elementor-id=\"3680\" class=\"elementor elementor-3680\" data-elementor-post-type=\"page\">\n\t\t\t\t\t\t<section class=\"elementor-section elementor-top-section elementor-element elementor-element-5ed3b555 elementor-section-boxed elementor-section-height-default elementor-section-height-default\" data-id=\"5ed3b555\" data-element_type=\"section\">\n\t\t\t\t\t\t<div class=\"elementor-container elementor-column-gap-default\">\n\t\t\t\t\t<div class=\"elementor-column elementor-col-33 elementor-top-column elementor-element elementor-element-7d03a8f3\" data-id=\"7d03a8f3\" data-element_type=\"column\">\n\t\t\t<div class=\"elementor-widget-wrap elementor-element-populated\">\n\t\t\t\t\t\t<div class=\"elementor-element elementor-element-7bec96ca elementor-widget elementor-widget-heading\" data-id=\"7bec96ca\" data-element_type=\"widget\" data-widget_type=\"heading.default\">\n\t\t\t\t<div class=\"elementor-widget-container\">\n\t\t\t\t\t<span class=\"elementor-heading-title elementor-size-default\">Our Activity Areas<\/span>\t\t\t\t<\/div>\n\t\t\t\t<\/div>\n\t\t\t\t<div class=\"elementor-element elementor-element-651ae31e elementor-nav-menu__align-start elementor-nav-menu--dropdown-none elementor-widget elementor-widget-global elementor-global-3628 elementor-widget-nav-menu\" data-id=\"651ae31e\" data-element_type=\"widget\" data-settings=\"{&quot;layout&quot;:&quot;vertical&quot;,&quot;submenu_icon&quot;:{&quot;value&quot;:&quot;&quot;,&quot;library&quot;:&quot;&quot;}}\" data-widget_type=\"nav-menu.default\">\n\t\t\t\t<div class=\"elementor-widget-container\">\n\t\t\t\t\t\t\t\t<nav aria-label=\"Menu\" class=\"elementor-nav-menu--main elementor-nav-menu__container elementor-nav-menu--layout-vertical e--pointer-background e--animation-sweep-right\">\n\t\t\t\t<ul id=\"menu-1-651ae31e\" class=\"elementor-nav-menu sm-vertical\"><li class=\"menu-item menu-item-type-post_type menu-item-object-page menu-item-3601\"><a href=\"https:\/\/avfurkaneryilmaz.com\/en\/sirketler-hukuku\" class=\"elementor-item\">Corporate Law<\/a><\/li>\n<li class=\"menu-item menu-item-type-post_type menu-item-object-page menu-item-3617\"><a href=\"https:\/\/avfurkaneryilmaz.com\/en\/gayrimenkul-hukuku\" class=\"elementor-item\">Real Estate Law<\/a><\/li>\n<li class=\"menu-item menu-item-type-post_type menu-item-object-page menu-item-3624\"><a href=\"https:\/\/avfurkaneryilmaz.com\/en\/is-hukuku\" class=\"elementor-item\">Labour Law<\/a><\/li>\n<li class=\"menu-item menu-item-type-post_type menu-item-object-page menu-item-3634\"><a href=\"https:\/\/avfurkaneryilmaz.com\/en\/sigorta-hukuku\" class=\"elementor-item\">Sigorta Hukuku<\/a><\/li>\n<li class=\"menu-item menu-item-type-post_type menu-item-object-page menu-item-3644\"><a href=\"https:\/\/avfurkaneryilmaz.com\/en\/sozlesmeler-hukuku\" class=\"elementor-item\">Contracts Law<\/a><\/li>\n<li class=\"menu-item menu-item-type-post_type menu-item-object-page menu-item-3657\"><a href=\"https:\/\/avfurkaneryilmaz.com\/en\/icra-hukuku\" class=\"elementor-item\">Enforcement Law<\/a><\/li>\n<li class=\"menu-item menu-item-type-post_type menu-item-object-page menu-item-3691\"><a href=\"https:\/\/avfurkaneryilmaz.com\/en\/ceza-hukuku\" class=\"elementor-item\">Criminal Law<\/a><\/li>\n<li class=\"menu-item menu-item-type-post_type menu-item-object-page menu-item-3698\"><a href=\"https:\/\/avfurkaneryilmaz.com\/en\/idare-hukuku\" class=\"elementor-item\">Administrative law<\/a><\/li>\n<li class=\"menu-item menu-item-type-post_type menu-item-object-page menu-item-3705\"><a href=\"https:\/\/avfurkaneryilmaz.com\/en\/vergi-hukuku\" class=\"elementor-item\">Tax Law<\/a><\/li>\n<\/ul>\t\t\t<\/nav>\n\t\t\t\t\t\t<nav class=\"elementor-nav-menu--dropdown elementor-nav-menu__container\" aria-hidden=\"true\">\n\t\t\t\t<ul id=\"menu-2-651ae31e\" class=\"elementor-nav-menu sm-vertical\"><li class=\"menu-item menu-item-type-post_type menu-item-object-page menu-item-3601\"><a href=\"https:\/\/avfurkaneryilmaz.com\/en\/sirketler-hukuku\" class=\"elementor-item\" tabindex=\"-1\">Corporate Law<\/a><\/li>\n<li class=\"menu-item menu-item-type-post_type menu-item-object-page menu-item-3617\"><a href=\"https:\/\/avfurkaneryilmaz.com\/en\/gayrimenkul-hukuku\" class=\"elementor-item\" tabindex=\"-1\">Real Estate Law<\/a><\/li>\n<li class=\"menu-item menu-item-type-post_type menu-item-object-page menu-item-3624\"><a href=\"https:\/\/avfurkaneryilmaz.com\/en\/is-hukuku\" class=\"elementor-item\" tabindex=\"-1\">Labour Law<\/a><\/li>\n<li class=\"menu-item menu-item-type-post_type menu-item-object-page menu-item-3634\"><a href=\"https:\/\/avfurkaneryilmaz.com\/en\/sigorta-hukuku\" class=\"elementor-item\" tabindex=\"-1\">Sigorta Hukuku<\/a><\/li>\n<li class=\"menu-item menu-item-type-post_type menu-item-object-page menu-item-3644\"><a href=\"https:\/\/avfurkaneryilmaz.com\/en\/sozlesmeler-hukuku\" class=\"elementor-item\" tabindex=\"-1\">Contracts Law<\/a><\/li>\n<li class=\"menu-item menu-item-type-post_type menu-item-object-page menu-item-3657\"><a href=\"https:\/\/avfurkaneryilmaz.com\/en\/icra-hukuku\" class=\"elementor-item\" tabindex=\"-1\">Enforcement Law<\/a><\/li>\n<li class=\"menu-item menu-item-type-post_type menu-item-object-page menu-item-3691\"><a href=\"https:\/\/avfurkaneryilmaz.com\/en\/ceza-hukuku\" class=\"elementor-item\" tabindex=\"-1\">Criminal Law<\/a><\/li>\n<li class=\"menu-item menu-item-type-post_type menu-item-object-page menu-item-3698\"><a href=\"https:\/\/avfurkaneryilmaz.com\/en\/idare-hukuku\" class=\"elementor-item\" tabindex=\"-1\">Administrative law<\/a><\/li>\n<li class=\"menu-item menu-item-type-post_type menu-item-object-page menu-item-3705\"><a href=\"https:\/\/avfurkaneryilmaz.com\/en\/vergi-hukuku\" class=\"elementor-item\" tabindex=\"-1\">Tax Law<\/a><\/li>\n<\/ul>\t\t\t<\/nav>\n\t\t\t\t\t\t<\/div>\n\t\t\t\t<\/div>\n\t\t\t\t\t<\/div>\n\t\t<\/div>\n\t\t\t\t<div class=\"elementor-column elementor-col-66 elementor-top-column elementor-element elementor-element-6a1dc8d9\" data-id=\"6a1dc8d9\" data-element_type=\"column\">\n\t\t\t<div class=\"elementor-widget-wrap elementor-element-populated\">\n\t\t\t\t\t\t<div class=\"elementor-element elementor-element-4f562c87 elementor-widget elementor-widget-heading\" data-id=\"4f562c87\" data-element_type=\"widget\" data-widget_type=\"heading.default\">\n\t\t\t\t<div class=\"elementor-widget-container\">\n\t\t\t\t\t<h1 class=\"elementor-heading-title elementor-size-default\">Criminal Law<\/h1>\t\t\t\t<\/div>\n\t\t\t\t<\/div>\n\t\t\t\t<div class=\"elementor-element elementor-element-25abea29 elementor-widget elementor-widget-heading\" data-id=\"25abea29\" data-element_type=\"widget\" data-widget_type=\"heading.default\">\n\t\t\t\t<div class=\"elementor-widget-container\">\n\t\t\t\t\t<h2 class=\"elementor-heading-title elementor-size-default\">What is Criminal Law?<\/h2>\t\t\t\t<\/div>\n\t\t\t\t<\/div>\n\t\t\t\t<div class=\"elementor-element elementor-element-3e806fe6 elementor-widget elementor-widget-text-editor\" data-id=\"3e806fe6\" data-element_type=\"widget\" data-widget_type=\"text-editor.default\">\n\t\t\t\t<div class=\"elementor-widget-container\">\n\t\t\t\t\t\t\t\t\t<p class=\"p1\" style=\"margin-right: 0px; margin-bottom: 0px; margin-left: 0px; font-variant-numeric: normal; font-variant-east-asian: normal; font-variant-alternates: normal; font-kerning: auto; font-optical-sizing: auto; font-feature-settings: normal; font-variation-settings: normal; font-stretch: normal; line-height: normal; font-family: 'Helvetica Neue'; color: #262626; background-color: #ffffff;\">Criminal law has the feature of being the branch of law that most interests the society. At the same time, it is the branch of law that we encounter most in daily life. It is designed to protect public order, identify and punish criminals.<span class=\"Apple-converted-space\">\u00a0<\/span><\/p><p class=\"p2\" style=\"margin-right: 0px; margin-bottom: 0px; margin-left: 0px; font-variant-numeric: normal; font-variant-east-asian: normal; font-variant-alternates: normal; font-kerning: auto; font-optical-sizing: auto; font-feature-settings: normal; font-variation-settings: normal; font-stretch: normal; line-height: normal; font-family: 'Helvetica Neue'; color: #262626; background-color: #ffffff; min-height: 18px;\">\u00a0<\/p><p class=\"p1\" style=\"margin-right: 0px; margin-bottom: 0px; margin-left: 0px; font-variant-numeric: normal; font-variant-east-asian: normal; font-variant-alternates: normal; font-kerning: auto; font-optical-sizing: auto; font-feature-settings: normal; font-variation-settings: normal; font-stretch: normal; line-height: normal; font-family: 'Helvetica Neue'; color: #262626; background-color: #ffffff;\">Criminal law is a very broad field and covers every imaginable crime. These issues are crimes such as drugs, injury, murder, theft, fraud.<span class=\"Apple-converted-space\">\u00a0<\/span><\/p>\t\t\t\t\t\t\t\t<\/div>\n\t\t\t\t<\/div>\n\t\t\t\t<div class=\"elementor-element elementor-element-f10a40 elementor-widget elementor-widget-heading\" data-id=\"f10a40\" data-element_type=\"widget\" data-widget_type=\"heading.default\">\n\t\t\t\t<div class=\"elementor-widget-container\">\n\t\t\t\t\t<h2 class=\"elementor-heading-title elementor-size-default\">What are we doing?<\/h2>\t\t\t\t<\/div>\n\t\t\t\t<\/div>\n\t\t\t\t<div class=\"elementor-element elementor-element-3b2bd56c elementor-widget elementor-widget-text-editor\" data-id=\"3b2bd56c\" data-element_type=\"widget\" data-widget_type=\"text-editor.default\">\n\t\t\t\t<div class=\"elementor-widget-container\">\n\t\t\t\t\t\t\t\t\t<p class=\"p1\" style=\"margin-right: 0px; margin-bottom: 0px; margin-left: 0px; font-variant-numeric: normal; font-variant-east-asian: normal; font-variant-alternates: normal; font-kerning: auto; font-optical-sizing: auto; font-feature-settings: normal; font-variation-settings: normal; font-stretch: normal; line-height: normal; font-family: 'Helvetica Neue'; color: #262626; background-color: #ffffff;\">The ultimate goal of our office is to help our judicial system run fairly. When there is a crime, determining the nature of the crime is of great importance in terms of the punishment to be given. By determining the defense strategies of our clients, we defend their rights in the courts and provide legal support for the collection of evidence and the execution of sentences. Our lawyers, who are experts in criminal law, use all legal means to protect the rights of our clients and to ensure a fair trial.<\/p><p class=\"p2\" style=\"margin-right: 0px; margin-bottom: 0px; margin-left: 0px; font-variant-numeric: normal; font-variant-east-asian: normal; font-variant-alternates: normal; font-kerning: auto; font-optical-sizing: auto; font-feature-settings: normal; font-variation-settings: normal; font-stretch: normal; line-height: normal; font-family: 'Helvetica Neue'; color: #262626; background-color: #ffffff; min-height: 18px;\">\u00a0<\/p><p class=\"p3\" style=\"margin-right: 0px; margin-bottom: 14.4px; margin-left: 0px; font-variant-numeric: normal; font-variant-east-asian: normal; font-variant-alternates: normal; font-kerning: auto; font-optical-sizing: auto; font-feature-settings: normal; font-variation-settings: normal; font-stretch: normal; line-height: normal; font-family: 'Helvetica Neue'; color: #262626; background-color: #ffffff;\">To find solutions to all your legal problems, you can contact us or visit our office in Denizli.<\/p><p class=\"p1\" style=\"margin-right: 0px; margin-bottom: 0px; margin-left: 0px; font-variant-numeric: normal; font-variant-east-asian: normal; font-variant-alternates: normal; font-kerning: auto; font-optical-sizing: auto; font-feature-settings: normal; font-variation-settings: normal; font-stretch: normal; line-height: normal; font-family: 'Helvetica Neue'; color: #262626; background-color: #ffffff;\">Denizli Lawyer Furkan Ery\u0131lmaz<\/p>\t\t\t\t\t\t\t\t<\/div>\n\t\t\t\t<\/div>\n\t\t\t\t\t<\/div>\n\t\t<\/div>\n\t\t\t\t\t<\/div>\n\t\t<\/section>\n\t\t\t\t<\/div>","protected":false},"excerpt":{"rendered":"<p>Faaliyet Alanlar\u0131m\u0131z Ceza Hukuku Ceza Hukuku Nedir? Ceza hukuku, toplumu en \u00e7ok ilgilendiren hukuk dal\u0131 olma \u00f6zelli\u011fine sahiptir. Ayn\u0131 zamanda g\u00fcnl\u00fck hayatta kar\u015f\u0131m\u0131za en \u00e7ok \u00e7\u0131kan hukuk dal\u0131d\u0131r. Devletin, kamu d\u00fczenini korumak, su\u00e7lular\u0131 belirlemek ve cezaland\u0131rmak ama\u00e7l\u0131 olarak tasarlanm\u0131\u015ft\u0131r.\u00a0 \u00a0 Ceza hukuku \u00e7ok geni\u015f bir alan olup akla gelebilecek her t\u00fcrl\u00fc su\u00e7u kapsamaktad\u0131r. Bu konular, [&hellip;]<\/p>","protected":false},"author":1,"featured_media":0,"parent":0,"menu_order":0,"comment_status":"closed","ping_status":"closed","template":"","meta":{"footnotes":""},"class_list":["post-3680","page","type-page","status-publish","hentry"],"_links":{"self":[{"href":"https:\/\/avfurkaneryilmaz.com\/en\/wp-json\/wp\/v2\/pages\/3680","targetHints":{"allow":["GET"]}}],"collection":[{"href":"https:\/\/avfurkaneryilmaz.com\/en\/wp-json\/wp\/v2\/pages"}],"about":[{"href":"https:\/\/avfurkaneryilmaz.com\/en\/wp-json\/wp\/v2\/types\/page"}],"author":[{"embeddable":true,"href":"https:\/\/avfurkaneryilmaz.com\/en\/wp-json\/wp\/v2\/users\/1"}],"replies":[{"embeddable":true,"href":"https:\/\/avfurkaneryilmaz.com\/en\/wp-json\/wp\/v2\/comments?post=3680"}],"version-history":[{"count":0,"href":"https:\/\/avfurkaneryilmaz.com\/en\/wp-json\/wp\/v2\/pages\/3680\/revisions"}],"wp:attachment":[{"href":"https:\/\/avfurkaneryilmaz.com\/en\/wp-json\/wp\/v2\/media?parent=3680"}],"curies":[{"name":"wp","href":"https:\/\/api.w.org\/{rel}","templated":true}]}}