{"id":3636,"date":"2023-04-24T20:47:33","date_gmt":"2023-04-24T17:47:33","guid":{"rendered":"https:\/\/avfurkaneryilmaz.com\/?page_id=3636"},"modified":"2023-06-23T11:26:35","modified_gmt":"2023-06-23T08:26:35","slug":"sozlesmeler-hukuku","status":"publish","type":"page","link":"https:\/\/avfurkaneryilmaz.com\/en\/sozlesmeler-hukuku","title":{"rendered":"Contracts Law"},"content":{"rendered":"<div data-elementor-type=\"wp-page\" data-elementor-id=\"3636\" class=\"elementor elementor-3636\" data-elementor-post-type=\"page\">\n\t\t\t\t\t\t<section class=\"elementor-section elementor-top-section elementor-element elementor-element-78c180af elementor-section-boxed elementor-section-height-default elementor-section-height-default\" data-id=\"78c180af\" data-element_type=\"section\">\n\t\t\t\t\t\t<div class=\"elementor-container elementor-column-gap-default\">\n\t\t\t\t\t<div class=\"elementor-column elementor-col-33 elementor-top-column elementor-element elementor-element-57ab8df2\" data-id=\"57ab8df2\" data-element_type=\"column\">\n\t\t\t<div class=\"elementor-widget-wrap elementor-element-populated\">\n\t\t\t\t\t\t<div class=\"elementor-element elementor-element-2686cb4d elementor-widget elementor-widget-heading\" data-id=\"2686cb4d\" data-element_type=\"widget\" data-widget_type=\"heading.default\">\n\t\t\t\t<div class=\"elementor-widget-container\">\n\t\t\t\t\t<span class=\"elementor-heading-title elementor-size-default\">Our Activity Areas<\/span>\t\t\t\t<\/div>\n\t\t\t\t<\/div>\n\t\t\t\t<div class=\"elementor-element elementor-element-bfd27ae elementor-nav-menu__align-start elementor-nav-menu--dropdown-none elementor-widget elementor-widget-global elementor-global-3628 elementor-widget-nav-menu\" data-id=\"bfd27ae\" data-element_type=\"widget\" data-settings=\"{&quot;layout&quot;:&quot;vertical&quot;,&quot;submenu_icon&quot;:{&quot;value&quot;:&quot;&quot;,&quot;library&quot;:&quot;&quot;}}\" data-widget_type=\"nav-menu.default\">\n\t\t\t\t<div class=\"elementor-widget-container\">\n\t\t\t\t\t\t\t\t<nav aria-label=\"Menu\" class=\"elementor-nav-menu--main elementor-nav-menu__container elementor-nav-menu--layout-vertical e--pointer-background e--animation-sweep-right\">\n\t\t\t\t<ul id=\"menu-1-bfd27ae\" class=\"elementor-nav-menu sm-vertical\"><li class=\"menu-item menu-item-type-post_type menu-item-object-page menu-item-3601\"><a href=\"https:\/\/avfurkaneryilmaz.com\/en\/sirketler-hukuku\" class=\"elementor-item\">Corporate Law<\/a><\/li>\n<li class=\"menu-item menu-item-type-post_type menu-item-object-page menu-item-3617\"><a href=\"https:\/\/avfurkaneryilmaz.com\/en\/gayrimenkul-hukuku\" class=\"elementor-item\">Real Estate Law<\/a><\/li>\n<li class=\"menu-item menu-item-type-post_type menu-item-object-page menu-item-3624\"><a href=\"https:\/\/avfurkaneryilmaz.com\/en\/is-hukuku\" class=\"elementor-item\">Labour Law<\/a><\/li>\n<li class=\"menu-item menu-item-type-post_type menu-item-object-page menu-item-3634\"><a href=\"https:\/\/avfurkaneryilmaz.com\/en\/sigorta-hukuku\" class=\"elementor-item\">Sigorta Hukuku<\/a><\/li>\n<li class=\"menu-item menu-item-type-post_type menu-item-object-page menu-item-3644\"><a href=\"https:\/\/avfurkaneryilmaz.com\/en\/sozlesmeler-hukuku\" class=\"elementor-item\">Contracts Law<\/a><\/li>\n<li class=\"menu-item menu-item-type-post_type menu-item-object-page menu-item-3657\"><a href=\"https:\/\/avfurkaneryilmaz.com\/en\/icra-hukuku\" class=\"elementor-item\">Enforcement Law<\/a><\/li>\n<li class=\"menu-item menu-item-type-post_type menu-item-object-page menu-item-3691\"><a href=\"https:\/\/avfurkaneryilmaz.com\/en\/ceza-hukuku\" class=\"elementor-item\">Criminal Law<\/a><\/li>\n<li class=\"menu-item menu-item-type-post_type menu-item-object-page menu-item-3698\"><a href=\"https:\/\/avfurkaneryilmaz.com\/en\/idare-hukuku\" class=\"elementor-item\">Administrative law<\/a><\/li>\n<li class=\"menu-item menu-item-type-post_type menu-item-object-page menu-item-3705\"><a href=\"https:\/\/avfurkaneryilmaz.com\/en\/vergi-hukuku\" class=\"elementor-item\">Tax Law<\/a><\/li>\n<\/ul>\t\t\t<\/nav>\n\t\t\t\t\t\t<nav class=\"elementor-nav-menu--dropdown elementor-nav-menu__container\" aria-hidden=\"true\">\n\t\t\t\t<ul id=\"menu-2-bfd27ae\" class=\"elementor-nav-menu sm-vertical\"><li class=\"menu-item menu-item-type-post_type menu-item-object-page menu-item-3601\"><a href=\"https:\/\/avfurkaneryilmaz.com\/en\/sirketler-hukuku\" class=\"elementor-item\" tabindex=\"-1\">Corporate Law<\/a><\/li>\n<li class=\"menu-item menu-item-type-post_type menu-item-object-page menu-item-3617\"><a href=\"https:\/\/avfurkaneryilmaz.com\/en\/gayrimenkul-hukuku\" class=\"elementor-item\" tabindex=\"-1\">Real Estate Law<\/a><\/li>\n<li class=\"menu-item menu-item-type-post_type menu-item-object-page menu-item-3624\"><a href=\"https:\/\/avfurkaneryilmaz.com\/en\/is-hukuku\" class=\"elementor-item\" tabindex=\"-1\">Labour Law<\/a><\/li>\n<li class=\"menu-item menu-item-type-post_type menu-item-object-page menu-item-3634\"><a href=\"https:\/\/avfurkaneryilmaz.com\/en\/sigorta-hukuku\" class=\"elementor-item\" tabindex=\"-1\">Sigorta Hukuku<\/a><\/li>\n<li class=\"menu-item menu-item-type-post_type menu-item-object-page menu-item-3644\"><a href=\"https:\/\/avfurkaneryilmaz.com\/en\/sozlesmeler-hukuku\" class=\"elementor-item\" tabindex=\"-1\">Contracts Law<\/a><\/li>\n<li class=\"menu-item menu-item-type-post_type menu-item-object-page menu-item-3657\"><a href=\"https:\/\/avfurkaneryilmaz.com\/en\/icra-hukuku\" class=\"elementor-item\" tabindex=\"-1\">Enforcement Law<\/a><\/li>\n<li class=\"menu-item menu-item-type-post_type menu-item-object-page menu-item-3691\"><a href=\"https:\/\/avfurkaneryilmaz.com\/en\/ceza-hukuku\" class=\"elementor-item\" tabindex=\"-1\">Criminal Law<\/a><\/li>\n<li class=\"menu-item menu-item-type-post_type menu-item-object-page menu-item-3698\"><a href=\"https:\/\/avfurkaneryilmaz.com\/en\/idare-hukuku\" class=\"elementor-item\" tabindex=\"-1\">Administrative law<\/a><\/li>\n<li class=\"menu-item menu-item-type-post_type menu-item-object-page menu-item-3705\"><a href=\"https:\/\/avfurkaneryilmaz.com\/en\/vergi-hukuku\" class=\"elementor-item\" tabindex=\"-1\">Tax Law<\/a><\/li>\n<\/ul>\t\t\t<\/nav>\n\t\t\t\t\t\t<\/div>\n\t\t\t\t<\/div>\n\t\t\t\t\t<\/div>\n\t\t<\/div>\n\t\t\t\t<div class=\"elementor-column elementor-col-66 elementor-top-column elementor-element elementor-element-5828393e\" data-id=\"5828393e\" data-element_type=\"column\">\n\t\t\t<div class=\"elementor-widget-wrap elementor-element-populated\">\n\t\t\t\t\t\t<div class=\"elementor-element elementor-element-4805c952 elementor-widget elementor-widget-heading\" data-id=\"4805c952\" data-element_type=\"widget\" data-widget_type=\"heading.default\">\n\t\t\t\t<div class=\"elementor-widget-container\">\n\t\t\t\t\t<h1 class=\"elementor-heading-title elementor-size-default\">Contracts Law<\/h1>\t\t\t\t<\/div>\n\t\t\t\t<\/div>\n\t\t\t\t<div class=\"elementor-element elementor-element-68aae1e4 elementor-widget elementor-widget-heading\" data-id=\"68aae1e4\" data-element_type=\"widget\" data-widget_type=\"heading.default\">\n\t\t\t\t<div class=\"elementor-widget-container\">\n\t\t\t\t\t<h2 class=\"elementor-heading-title elementor-size-default\">What is the Law of Contracts?<\/h2>\t\t\t\t<\/div>\n\t\t\t\t<\/div>\n\t\t\t\t<div class=\"elementor-element elementor-element-491d329c elementor-widget elementor-widget-text-editor\" data-id=\"491d329c\" data-element_type=\"widget\" data-widget_type=\"text-editor.default\">\n\t\t\t\t<div class=\"elementor-widget-container\">\n\t\t\t\t\t\t\t\t\t<p class=\"p1\" style=\"margin-right: 0px; margin-bottom: 0px; margin-left: 0px; font-variant-numeric: normal; font-variant-east-asian: normal; font-variant-alternates: normal; font-kerning: auto; font-optical-sizing: auto; font-feature-settings: normal; font-variation-settings: normal; font-stretch: normal; line-height: normal; font-family: 'Helvetica Neue'; color: #262626; background-color: #ffffff;\">The law of contracts is a branch of law that emerged for the validity and applicability of the contracts made between the parties and the protection of the rights arising from the contract. Contracts are agreements made to determine the mutual responsibilities of the parties.<span class=\"Apple-converted-space\">\u00a0<\/span><\/p><p class=\"p2\" style=\"margin-right: 0px; margin-bottom: 0px; margin-left: 0px; font-variant-numeric: normal; font-variant-east-asian: normal; font-variant-alternates: normal; font-kerning: auto; font-optical-sizing: auto; font-feature-settings: normal; font-variation-settings: normal; font-stretch: normal; line-height: normal; font-family: 'Helvetica Neue'; color: #262626; background-color: #ffffff; min-height: 18px;\">\u00a0<\/p><p class=\"p1\" style=\"margin-right: 0px; margin-bottom: 0px; margin-left: 0px; font-variant-numeric: normal; font-variant-east-asian: normal; font-variant-alternates: normal; font-kerning: auto; font-optical-sizing: auto; font-feature-settings: normal; font-variation-settings: normal; font-stretch: normal; line-height: normal; font-family: 'Helvetica Neue'; color: #262626; background-color: #ffffff;\">The law of contracts covers the establishment and validity of contracts, the obligations of the parties within the scope of contracts, the protection of contractual rights, the interpretation and application of the provisions in the contract.<span class=\"Apple-converted-space\">\u00a0<\/span><\/p>\t\t\t\t\t\t\t\t<\/div>\n\t\t\t\t<\/div>\n\t\t\t\t<div class=\"elementor-element elementor-element-76e67e55 elementor-widget elementor-widget-heading\" data-id=\"76e67e55\" data-element_type=\"widget\" data-widget_type=\"heading.default\">\n\t\t\t\t<div class=\"elementor-widget-container\">\n\t\t\t\t\t<h2 class=\"elementor-heading-title elementor-size-default\">What are we doing?<\/h2>\t\t\t\t<\/div>\n\t\t\t\t<\/div>\n\t\t\t\t<div class=\"elementor-element elementor-element-432ee4fe elementor-widget elementor-widget-text-editor\" data-id=\"432ee4fe\" data-element_type=\"widget\" data-widget_type=\"text-editor.default\">\n\t\t\t\t<div class=\"elementor-widget-container\">\n\t\t\t\t\t\t\t\t\t<p class=\"p1\" style=\"margin-right: 0px; margin-bottom: 0px; margin-left: 0px; font-variant-numeric: normal; font-variant-east-asian: normal; font-variant-alternates: normal; font-kerning: auto; font-optical-sizing: auto; font-feature-settings: normal; font-variation-settings: normal; font-stretch: normal; line-height: normal; font-family: 'Helvetica Neue'; color: #262626; background-color: #ffffff;\">As Furkan Ery\u0131lmaz Law and Consultancy, we take part in the preparation of contracts that our clients will sign and in contract negotiations with the other party, and we inform our clients about the revision of the contracts given to our clients and the provisions against them, and strive to change these provisions. In addition, we protect the rights of our clients in the resolution of disputes arising on the basis of contracts, both through mediation and arbitration, which are alternative resolution methods, and through the court. The legal consultancy services we provide to our clients help them focus on their business and minimize legal risks. You can be sure that we will provide you with the best service with our experienced lawyers in Contracts Law.<\/p><p class=\"p2\" style=\"margin-right: 0px; margin-bottom: 0px; margin-left: 0px; font-variant-numeric: normal; font-variant-east-asian: normal; font-variant-alternates: normal; font-kerning: auto; font-optical-sizing: auto; font-feature-settings: normal; font-variation-settings: normal; font-stretch: normal; line-height: normal; font-family: 'Helvetica Neue'; color: #262626; background-color: #ffffff; min-height: 18px;\">\u00a0<\/p><p class=\"p3\" style=\"margin-right: 0px; margin-bottom: 14.4px; margin-left: 0px; font-variant-numeric: normal; font-variant-east-asian: normal; font-variant-alternates: normal; font-kerning: auto; font-optical-sizing: auto; font-feature-settings: normal; font-variation-settings: normal; font-stretch: normal; line-height: normal; font-family: 'Helvetica Neue'; color: #262626; background-color: #ffffff;\">To find solutions to all your legal problems, you can contact us or visit our office in Denizli.<\/p><p class=\"p1\" style=\"margin-right: 0px; margin-bottom: 0px; margin-left: 0px; font-variant-numeric: normal; font-variant-east-asian: normal; font-variant-alternates: normal; font-kerning: auto; font-optical-sizing: auto; font-feature-settings: normal; font-variation-settings: normal; font-stretch: normal; line-height: normal; font-family: 'Helvetica Neue'; color: #262626; background-color: #ffffff;\">Denizli Lawyer Furkan Ery\u0131lmaz<\/p>\t\t\t\t\t\t\t\t<\/div>\n\t\t\t\t<\/div>\n\t\t\t\t<div class=\"elementor-element elementor-element-66905b0f elementor-widget elementor-widget-spacer\" data-id=\"66905b0f\" data-element_type=\"widget\" data-widget_type=\"spacer.default\">\n\t\t\t\t<div class=\"elementor-widget-container\">\n\t\t\t\t\t\t\t<div class=\"elementor-spacer\">\n\t\t\t<div class=\"elementor-spacer-inner\"><\/div>\n\t\t<\/div>\n\t\t\t\t\t\t<\/div>\n\t\t\t\t<\/div>\n\t\t\t\t\t<\/div>\n\t\t<\/div>\n\t\t\t\t\t<\/div>\n\t\t<\/section>\n\t\t\t\t<\/div>","protected":false},"excerpt":{"rendered":"<p>Faaliyet Alanlar\u0131m\u0131z S\u00f6zle\u015fmeler Hukuku S\u00f6zle\u015fmeler Hukuku Nedir? S\u00f6zle\u015fmeler hukuku, taraflar aras\u0131nda yap\u0131lan s\u00f6zle\u015fmelerin ge\u00e7erlili\u011fi, uygulanabilirli\u011fi ve s\u00f6zle\u015fme ile ortaya \u00e7\u0131kan haklar\u0131n korunmas\u0131 i\u00e7in ortaya \u00e7\u0131km\u0131\u015f bir hukuk dal\u0131d\u0131r. S\u00f6zle\u015fmeler, taraflar\u0131n kar\u015f\u0131l\u0131kl\u0131 sorumluluklar\u0131n\u0131 belirlemek i\u00e7in yap\u0131lan anla\u015fmalard\u0131r.\u00a0 \u00a0 S\u00f6zle\u015fmeler hukuku, s\u00f6zle\u015fmelerin kurulmas\u0131n\u0131, ge\u00e7erlili\u011fini, taraflar\u0131n s\u00f6zle\u015fmeler kapsam\u0131nda y\u00fck\u00fcml\u00fcl\u00fcklerini, s\u00f6zle\u015fmeden do\u011fan haklar\u0131n korunmas\u0131n\u0131, s\u00f6zle\u015fmede yer alan h\u00fck\u00fcmlerin yorumlanmas\u0131n\u0131 [&hellip;]<\/p>","protected":false},"author":1,"featured_media":0,"parent":0,"menu_order":0,"comment_status":"closed","ping_status":"closed","template":"","meta":{"footnotes":""},"class_list":["post-3636","page","type-page","status-publish","hentry"],"_links":{"self":[{"href":"https:\/\/avfurkaneryilmaz.com\/en\/wp-json\/wp\/v2\/pages\/3636","targetHints":{"allow":["GET"]}}],"collection":[{"href":"https:\/\/avfurkaneryilmaz.com\/en\/wp-json\/wp\/v2\/pages"}],"about":[{"href":"https:\/\/avfurkaneryilmaz.com\/en\/wp-json\/wp\/v2\/types\/page"}],"author":[{"embeddable":true,"href":"https:\/\/avfurkaneryilmaz.com\/en\/wp-json\/wp\/v2\/users\/1"}],"replies":[{"embeddable":true,"href":"https:\/\/avfurkaneryilmaz.com\/en\/wp-json\/wp\/v2\/comments?post=3636"}],"version-history":[{"count":0,"href":"https:\/\/avfurkaneryilmaz.com\/en\/wp-json\/wp\/v2\/pages\/3636\/revisions"}],"wp:attachment":[{"href":"https:\/\/avfurkaneryilmaz.com\/en\/wp-json\/wp\/v2\/media?parent=3636"}],"curies":[{"name":"wp","href":"https:\/\/api.w.org\/{rel}","templated":true}]}}