{"id":3626,"date":"2023-04-24T20:37:26","date_gmt":"2023-04-24T17:37:26","guid":{"rendered":"https:\/\/avfurkaneryilmaz.com\/?page_id=3626"},"modified":"2026-01-27T17:15:58","modified_gmt":"2026-01-27T14:15:58","slug":"sigorta-hukuku","status":"publish","type":"page","link":"https:\/\/avfurkaneryilmaz.com\/en\/sigorta-hukuku","title":{"rendered":"Sigorta Hukuku"},"content":{"rendered":"<div data-elementor-type=\"wp-page\" data-elementor-id=\"3626\" class=\"elementor elementor-3626\" data-elementor-post-type=\"page\">\n\t\t\t\t\t\t<section class=\"elementor-section elementor-top-section elementor-element elementor-element-1a18b291 elementor-section-boxed elementor-section-height-default elementor-section-height-default\" data-id=\"1a18b291\" data-element_type=\"section\">\n\t\t\t\t\t\t<div class=\"elementor-container elementor-column-gap-default\">\n\t\t\t\t\t<div class=\"elementor-column elementor-col-33 elementor-top-column elementor-element elementor-element-38c1635f\" data-id=\"38c1635f\" data-element_type=\"column\">\n\t\t\t<div class=\"elementor-widget-wrap elementor-element-populated\">\n\t\t\t\t\t\t<div class=\"elementor-element elementor-element-7831f1aa elementor-widget elementor-widget-heading\" data-id=\"7831f1aa\" data-element_type=\"widget\" data-widget_type=\"heading.default\">\n\t\t\t\t<div class=\"elementor-widget-container\">\n\t\t\t\t\t<span class=\"elementor-heading-title elementor-size-default\">Our Activity Areas<\/span>\t\t\t\t<\/div>\n\t\t\t\t<\/div>\n\t\t\t\t<div class=\"elementor-element elementor-element-0b5dd39 elementor-nav-menu__align-start elementor-nav-menu--dropdown-none elementor-widget elementor-widget-global elementor-global-3628 elementor-widget-nav-menu\" data-id=\"0b5dd39\" data-element_type=\"widget\" data-settings=\"{&quot;layout&quot;:&quot;vertical&quot;,&quot;submenu_icon&quot;:{&quot;value&quot;:&quot;&quot;,&quot;library&quot;:&quot;&quot;}}\" data-widget_type=\"nav-menu.default\">\n\t\t\t\t<div class=\"elementor-widget-container\">\n\t\t\t\t\t\t\t\t<nav aria-label=\"Menu\" class=\"elementor-nav-menu--main elementor-nav-menu__container elementor-nav-menu--layout-vertical e--pointer-background e--animation-sweep-right\">\n\t\t\t\t<ul id=\"menu-1-0b5dd39\" class=\"elementor-nav-menu sm-vertical\"><li class=\"menu-item menu-item-type-post_type menu-item-object-page menu-item-3601\"><a href=\"https:\/\/avfurkaneryilmaz.com\/en\/sirketler-hukuku\" class=\"elementor-item\">Corporate Law<\/a><\/li>\n<li class=\"menu-item menu-item-type-post_type menu-item-object-page menu-item-3617\"><a href=\"https:\/\/avfurkaneryilmaz.com\/en\/gayrimenkul-hukuku\" class=\"elementor-item\">Real Estate Law<\/a><\/li>\n<li class=\"menu-item menu-item-type-post_type menu-item-object-page menu-item-3624\"><a href=\"https:\/\/avfurkaneryilmaz.com\/en\/is-hukuku\" class=\"elementor-item\">Labour Law<\/a><\/li>\n<li class=\"menu-item menu-item-type-post_type menu-item-object-page menu-item-3634\"><a href=\"https:\/\/avfurkaneryilmaz.com\/en\/sigorta-hukuku\" class=\"elementor-item\">Sigorta Hukuku<\/a><\/li>\n<li class=\"menu-item menu-item-type-post_type menu-item-object-page menu-item-3644\"><a href=\"https:\/\/avfurkaneryilmaz.com\/en\/sozlesmeler-hukuku\" class=\"elementor-item\">Contracts Law<\/a><\/li>\n<li class=\"menu-item menu-item-type-post_type menu-item-object-page menu-item-3657\"><a href=\"https:\/\/avfurkaneryilmaz.com\/en\/icra-hukuku\" class=\"elementor-item\">Enforcement Law<\/a><\/li>\n<li class=\"menu-item menu-item-type-post_type menu-item-object-page menu-item-3691\"><a href=\"https:\/\/avfurkaneryilmaz.com\/en\/ceza-hukuku\" class=\"elementor-item\">Criminal Law<\/a><\/li>\n<li class=\"menu-item menu-item-type-post_type menu-item-object-page menu-item-3698\"><a href=\"https:\/\/avfurkaneryilmaz.com\/en\/idare-hukuku\" class=\"elementor-item\">Administrative law<\/a><\/li>\n<li class=\"menu-item menu-item-type-post_type menu-item-object-page menu-item-3705\"><a href=\"https:\/\/avfurkaneryilmaz.com\/en\/vergi-hukuku\" class=\"elementor-item\">Tax Law<\/a><\/li>\n<\/ul>\t\t\t<\/nav>\n\t\t\t\t\t\t<nav class=\"elementor-nav-menu--dropdown elementor-nav-menu__container\" aria-hidden=\"true\">\n\t\t\t\t<ul id=\"menu-2-0b5dd39\" class=\"elementor-nav-menu sm-vertical\"><li class=\"menu-item menu-item-type-post_type menu-item-object-page menu-item-3601\"><a href=\"https:\/\/avfurkaneryilmaz.com\/en\/sirketler-hukuku\" class=\"elementor-item\" tabindex=\"-1\">Corporate Law<\/a><\/li>\n<li class=\"menu-item menu-item-type-post_type menu-item-object-page menu-item-3617\"><a href=\"https:\/\/avfurkaneryilmaz.com\/en\/gayrimenkul-hukuku\" class=\"elementor-item\" tabindex=\"-1\">Real Estate Law<\/a><\/li>\n<li class=\"menu-item menu-item-type-post_type menu-item-object-page menu-item-3624\"><a href=\"https:\/\/avfurkaneryilmaz.com\/en\/is-hukuku\" class=\"elementor-item\" tabindex=\"-1\">Labour Law<\/a><\/li>\n<li class=\"menu-item menu-item-type-post_type menu-item-object-page menu-item-3634\"><a href=\"https:\/\/avfurkaneryilmaz.com\/en\/sigorta-hukuku\" class=\"elementor-item\" tabindex=\"-1\">Sigorta Hukuku<\/a><\/li>\n<li class=\"menu-item menu-item-type-post_type menu-item-object-page menu-item-3644\"><a href=\"https:\/\/avfurkaneryilmaz.com\/en\/sozlesmeler-hukuku\" class=\"elementor-item\" tabindex=\"-1\">Contracts Law<\/a><\/li>\n<li class=\"menu-item menu-item-type-post_type menu-item-object-page menu-item-3657\"><a href=\"https:\/\/avfurkaneryilmaz.com\/en\/icra-hukuku\" class=\"elementor-item\" tabindex=\"-1\">Enforcement Law<\/a><\/li>\n<li class=\"menu-item menu-item-type-post_type menu-item-object-page menu-item-3691\"><a href=\"https:\/\/avfurkaneryilmaz.com\/en\/ceza-hukuku\" class=\"elementor-item\" tabindex=\"-1\">Criminal Law<\/a><\/li>\n<li class=\"menu-item menu-item-type-post_type menu-item-object-page menu-item-3698\"><a href=\"https:\/\/avfurkaneryilmaz.com\/en\/idare-hukuku\" class=\"elementor-item\" tabindex=\"-1\">Administrative law<\/a><\/li>\n<li class=\"menu-item menu-item-type-post_type menu-item-object-page menu-item-3705\"><a href=\"https:\/\/avfurkaneryilmaz.com\/en\/vergi-hukuku\" class=\"elementor-item\" tabindex=\"-1\">Tax Law<\/a><\/li>\n<\/ul>\t\t\t<\/nav>\n\t\t\t\t\t\t<\/div>\n\t\t\t\t<\/div>\n\t\t\t\t\t<\/div>\n\t\t<\/div>\n\t\t\t\t<div class=\"elementor-column elementor-col-66 elementor-top-column elementor-element elementor-element-7a467bc\" data-id=\"7a467bc\" data-element_type=\"column\">\n\t\t\t<div class=\"elementor-widget-wrap elementor-element-populated\">\n\t\t\t\t\t\t<div class=\"elementor-element elementor-element-5ddeac7b elementor-widget elementor-widget-heading\" data-id=\"5ddeac7b\" data-element_type=\"widget\" data-widget_type=\"heading.default\">\n\t\t\t\t<div class=\"elementor-widget-container\">\n\t\t\t\t\t<h1 class=\"elementor-heading-title elementor-size-default\">Sigorta Hukuku<\/h1>\t\t\t\t<\/div>\n\t\t\t\t<\/div>\n\t\t\t\t<div class=\"elementor-element elementor-element-3813d16d elementor-widget elementor-widget-heading\" data-id=\"3813d16d\" data-element_type=\"widget\" data-widget_type=\"heading.default\">\n\t\t\t\t<div class=\"elementor-widget-container\">\n\t\t\t\t\t<h2 class=\"elementor-heading-title elementor-size-default\">Sigorta Hukuku Nedir?<\/h2>\t\t\t\t<\/div>\n\t\t\t\t<\/div>\n\t\t\t\t<div class=\"elementor-element elementor-element-299c22c7 elementor-widget elementor-widget-text-editor\" data-id=\"299c22c7\" data-element_type=\"widget\" data-widget_type=\"text-editor.default\">\n\t\t\t\t<div class=\"elementor-widget-container\">\n\t\t\t\t\t\t\t\t\t<p>Sigorta hukuku, sigorta s\u00f6zle\u015fmelerinden do\u011fan hak ve y\u00fck\u00fcml\u00fcl\u00fckleri d\u00fczenleyen ve sigortal\u0131 ile sigorta \u015firketi aras\u0131ndaki uyu\u015fmazl\u0131klar\u0131n \u00e7\u00f6z\u00fcm\u00fcn\u00fc konu alan hukuk dal\u0131d\u0131r. G\u00fcn\u00fcm\u00fczde bireylerin ve i\u015fletmelerin kar\u015f\u0131la\u015ft\u0131\u011f\u0131 pek \u00e7ok zarar, sigorta teminatlar\u0131 kapsam\u0131nda olmas\u0131na ra\u011fmen sigorta \u015firketleri taraf\u0131ndan eksik ya da haks\u0131z \u015fekilde kar\u015f\u0131lanabilmektedir.<br \/>Bu noktada sigorta hukukunun amac\u0131; sigortal\u0131n\u0131n s\u00f6zle\u015fmeden do\u011fan haklar\u0131n\u0131 korumak, tazminat\u0131n do\u011fru ve eksiksiz \u015fekilde \u00f6denmesini sa\u011flamak ve uyu\u015fmazl\u0131klar\u0131 hukuki g\u00fcvence alt\u0131na almakt\u0131r.<br \/>Ofisimiz, sigorta s\u00f6zle\u015fmelerinin incelenmesi, sigorta \u015firketlerine ba\u015fvurular\u0131n yap\u0131lmas\u0131, arabuluculuk ve dava s\u00fcre\u00e7lerinin y\u00fcr\u00fct\u00fclmesi ile sigorta kaynakl\u0131 her t\u00fcrl\u00fc uyu\u015fmazl\u0131kta m\u00fcvekkillerine etkin hukuki destek sunmaktad\u0131r.<br \/>Sigorta \u015firketleri kar\u015f\u0131s\u0131nda hak kayb\u0131na u\u011framamak ve yasal haklar\u0131n\u0131z\u0131 tam olarak kullanabilmek i\u00e7in profesyonel hukuki dan\u0131\u015fmanl\u0131k al\u0131nmas\u0131 b\u00fcy\u00fck \u00f6nem ta\u015f\u0131maktad\u0131r.<\/p><p class=\"p1\" style=\"margin-right: 0px; margin-bottom: 0px; margin-left: 0px; font-variant-numeric: normal; font-variant-east-asian: normal; font-variant-alternates: normal; font-kerning: auto; font-optical-sizing: auto; font-feature-settings: normal; font-variation-settings: normal; font-stretch: normal; line-height: normal; font-family: 'Helvetica Neue'; color: #262626; background-color: #ffffff;\">\u00a0<\/p>\t\t\t\t\t\t\t\t<\/div>\n\t\t\t\t<\/div>\n\t\t\t\t<div class=\"elementor-element elementor-element-9d1e157 elementor-widget elementor-widget-heading\" data-id=\"9d1e157\" data-element_type=\"widget\" data-widget_type=\"heading.default\">\n\t\t\t\t<div class=\"elementor-widget-container\">\n\t\t\t\t\t<h2 class=\"elementor-heading-title elementor-size-default\">What are we doing?<\/h2>\t\t\t\t<\/div>\n\t\t\t\t<\/div>\n\t\t\t\t<div class=\"elementor-element elementor-element-6456318 elementor-widget elementor-widget-text-editor\" data-id=\"6456318\" data-element_type=\"widget\" data-widget_type=\"text-editor.default\">\n\t\t\t\t<div class=\"elementor-widget-container\">\n\t\t\t\t\t\t\t\t\t<p class=\"p1\" style=\"margin-right: 0px; margin-bottom: 14.4px; margin-left: 0px; font-variant-numeric: normal; font-variant-east-asian: normal; font-variant-alternates: normal; font-kerning: auto; font-optical-sizing: auto; font-feature-settings: normal; font-variation-settings: normal; font-stretch: normal; font-size: 15px; line-height: normal; font-family: 'Helvetica Neue'; color: #262626; background-color: #ffffff;\">Furkan Ery\u0131lmaz Hukuk ve Dan\u0131\u015fmanl\u0131k olarak, m\u00fcvekkillerimize sigorta ile ilgili alacaklar\u0131n\u0131n ve tazminatlar\u0131n\u0131n sa\u011fl\u0131kl\u0131 olarak sonu\u00e7lanmas\u0131na ili\u015fkin hukuki dan\u0131\u015fmanl\u0131k hizmeti sunuyoruz.&nbsp;<\/p>\n<p class=\"p1\" style=\"margin-right: 0px; margin-bottom: 14.4px; margin-left: 0px; font-variant-numeric: normal; font-variant-east-asian: normal; font-variant-alternates: normal; font-kerning: auto; font-optical-sizing: auto; font-feature-settings: normal; font-variation-settings: normal; font-stretch: normal; font-size: 15px; line-height: normal; font-family: 'Helvetica Neue'; color: #262626; background-color: #ffffff;\"><span style=\"font-size: 18px;\">To find solutions to all your legal problems, you can contact us or visit our office in Denizli.<\/span><\/p>\n<p class=\"p1\" style=\"margin-right: 0px; margin-bottom: 14.4px; margin-left: 0px; font-variant-numeric: normal; font-variant-east-asian: normal; font-variant-alternates: normal; font-kerning: auto; font-optical-sizing: auto; font-feature-settings: normal; font-variation-settings: normal; font-stretch: normal; font-size: 15px; line-height: normal; font-family: 'Helvetica Neue'; color: #262626; background-color: #ffffff;\"><span style=\"font-size: 16px; letter-spacing: normal;\">Denizli Lawyer Furkan Ery\u0131lmaz<\/span><\/p>\t\t\t\t\t\t\t\t<\/div>\n\t\t\t\t<\/div>\n\t\t\t\t\t<\/div>\n\t\t<\/div>\n\t\t\t\t\t<\/div>\n\t\t<\/section>\n\t\t\t\t<\/div>","protected":false},"excerpt":{"rendered":"<p>Faaliyet Alanlar\u0131m\u0131z Sigorta Hukuku Sigorta Hukuku Nedir? Sigorta hukuku, sigorta s\u00f6zle\u015fmelerinden do\u011fan hak ve y\u00fck\u00fcml\u00fcl\u00fckleri d\u00fczenleyen ve sigortal\u0131 ile sigorta \u015firketi aras\u0131ndaki uyu\u015fmazl\u0131klar\u0131n \u00e7\u00f6z\u00fcm\u00fcn\u00fc konu alan hukuk dal\u0131d\u0131r. G\u00fcn\u00fcm\u00fczde bireylerin ve i\u015fletmelerin kar\u015f\u0131la\u015ft\u0131\u011f\u0131 pek \u00e7ok zarar, sigorta teminatlar\u0131 kapsam\u0131nda olmas\u0131na ra\u011fmen sigorta \u015firketleri taraf\u0131ndan eksik ya da haks\u0131z \u015fekilde kar\u015f\u0131lanabilmektedir.Bu noktada sigorta hukukunun amac\u0131; sigortal\u0131n\u0131n [&hellip;]<\/p>","protected":false},"author":1,"featured_media":0,"parent":0,"menu_order":0,"comment_status":"closed","ping_status":"closed","template":"","meta":{"footnotes":""},"class_list":["post-3626","page","type-page","status-publish","hentry"],"_links":{"self":[{"href":"https:\/\/avfurkaneryilmaz.com\/en\/wp-json\/wp\/v2\/pages\/3626","targetHints":{"allow":["GET"]}}],"collection":[{"href":"https:\/\/avfurkaneryilmaz.com\/en\/wp-json\/wp\/v2\/pages"}],"about":[{"href":"https:\/\/avfurkaneryilmaz.com\/en\/wp-json\/wp\/v2\/types\/page"}],"author":[{"embeddable":true,"href":"https:\/\/avfurkaneryilmaz.com\/en\/wp-json\/wp\/v2\/users\/1"}],"replies":[{"embeddable":true,"href":"https:\/\/avfurkaneryilmaz.com\/en\/wp-json\/wp\/v2\/comments?post=3626"}],"version-history":[{"count":4,"href":"https:\/\/avfurkaneryilmaz.com\/en\/wp-json\/wp\/v2\/pages\/3626\/revisions"}],"predecessor-version":[{"id":4462,"href":"https:\/\/avfurkaneryilmaz.com\/en\/wp-json\/wp\/v2\/pages\/3626\/revisions\/4462"}],"wp:attachment":[{"href":"https:\/\/avfurkaneryilmaz.com\/en\/wp-json\/wp\/v2\/media?parent=3626"}],"curies":[{"name":"wp","href":"https:\/\/api.w.org\/{rel}","templated":true}]}}