{"id":3343,"date":"2023-02-04T02:46:45","date_gmt":"2023-02-03T23:46:45","guid":{"rendered":"https:\/\/avfurkaneryilmaz.com\/?page_id=3343"},"modified":"2023-06-14T16:09:17","modified_gmt":"2023-06-14T13:09:17","slug":"yasal-bilgilendirme","status":"publish","type":"page","link":"https:\/\/avfurkaneryilmaz.com\/en\/yasal-bilgilendirme","title":{"rendered":"Legal Information"},"content":{"rendered":"<div data-elementor-type=\"wp-page\" data-elementor-id=\"3343\" class=\"elementor elementor-3343\" data-elementor-post-type=\"page\">\n\t\t\t\t\t\t<section class=\"elementor-section elementor-top-section elementor-element elementor-element-6ae6bd87 elementor-section-boxed elementor-section-height-default elementor-section-height-default\" data-id=\"6ae6bd87\" data-element_type=\"section\">\n\t\t\t\t\t\t<div class=\"elementor-container elementor-column-gap-default\">\n\t\t\t\t\t<div class=\"elementor-column elementor-col-100 elementor-top-column elementor-element elementor-element-225ec9ed\" data-id=\"225ec9ed\" data-element_type=\"column\">\n\t\t\t<div class=\"elementor-widget-wrap elementor-element-populated\">\n\t\t\t\t\t\t<div class=\"elementor-element elementor-element-7cf4b730 elementor-widget elementor-widget-heading\" data-id=\"7cf4b730\" data-element_type=\"widget\" data-widget_type=\"heading.default\">\n\t\t\t\t<div class=\"elementor-widget-container\">\n\t\t\t\t\t<h1 class=\"elementor-heading-title elementor-size-default\">Legal Information<\/h1>\t\t\t\t<\/div>\n\t\t\t\t<\/div>\n\t\t\t\t<div class=\"elementor-element elementor-element-3b7d1e95 elementor-widget-divider--view-line elementor-widget elementor-widget-divider\" data-id=\"3b7d1e95\" data-element_type=\"widget\" data-widget_type=\"divider.default\">\n\t\t\t\t<div class=\"elementor-widget-container\">\n\t\t\t\t\t\t\t<div class=\"elementor-divider\">\n\t\t\t<span class=\"elementor-divider-separator\">\n\t\t\t\t\t\t<\/span>\n\t\t<\/div>\n\t\t\t\t\t\t<\/div>\n\t\t\t\t<\/div>\n\t\t\t\t<div class=\"elementor-element elementor-element-782f5aa elementor-widget elementor-widget-text-editor\" data-id=\"782f5aa\" data-element_type=\"widget\" data-widget_type=\"text-editor.default\">\n\t\t\t\t<div class=\"elementor-widget-container\">\n\t\t\t\t\t\t\t\t\t<p>All information and materials contained in the avfurkaneryilmaz.com website are for informational purposes only, in accordance with the professional rules of the Union of Turkish Bar Associations and the current Attorneyship Law, and no responsibility is assumed for the transactions, actions and their results based on all or part of them. The transfer of the said information is in no way intended to create a lawyer-client relationship between users and web browsers and Furkan Ery\u0131lmaz Hukuk ve Dan\u0131\u015fmanl\u0131k, and receiving the information by these people will in no way create a relationship in this direction. Under no circumstances should clients or readers take any action based on any matter contained in the avfurkaneryilmaz.com website without seeking appropriate legal or other professional advice regarding the current situation and its characteristics. Furkan Ery\u0131lmaz Hukuk ve Dan\u0131\u015fmanl\u0131k is in no way responsible for the contents of third parties accessed through this website.<\/p>\t\t\t\t\t\t\t\t<\/div>\n\t\t\t\t<\/div>\n\t\t\t\t\t<\/div>\n\t\t<\/div>\n\t\t\t\t\t<\/div>\n\t\t<\/section>\n\t\t\t\t<\/div>","protected":false},"excerpt":{"rendered":"<p>Yasal Bilgilendirme web sitesinin i\u00e7inde yer alan t\u00fcm bilgi ve materyaller, T\u00fcrkiye Barolar Birli\u011finin meslek kurallar\u0131 ve y\u00fcr\u00fcrl\u00fckteki Avukatl\u0131k Kanunu uyar\u0131nca sadece bilgilendirme ama\u00e7l\u0131 olup, bunlar\u0131n tamam\u0131na veya bir k\u0131sm\u0131na dayan\u0131larak yap\u0131lan i\u015flemlere, eylemlere ve bunlar\u0131n sonu\u00e7lar\u0131na ili\u015fkin hi\u00e7bir sorumluluk kabul edilmez. S\u00f6z konusu bilgilerin aktar\u0131lmas\u0131 ile hi\u00e7bir \u015fekilde kullan\u0131c\u0131lar ve web taray\u0131c\u0131lar\u0131 ile aras\u0131nda [&hellip;]<\/p>","protected":false},"author":1,"featured_media":0,"parent":0,"menu_order":0,"comment_status":"closed","ping_status":"closed","template":"","meta":{"footnotes":""},"class_list":["post-3343","page","type-page","status-publish","hentry"],"_links":{"self":[{"href":"https:\/\/avfurkaneryilmaz.com\/en\/wp-json\/wp\/v2\/pages\/3343","targetHints":{"allow":["GET"]}}],"collection":[{"href":"https:\/\/avfurkaneryilmaz.com\/en\/wp-json\/wp\/v2\/pages"}],"about":[{"href":"https:\/\/avfurkaneryilmaz.com\/en\/wp-json\/wp\/v2\/types\/page"}],"author":[{"embeddable":true,"href":"https:\/\/avfurkaneryilmaz.com\/en\/wp-json\/wp\/v2\/users\/1"}],"replies":[{"embeddable":true,"href":"https:\/\/avfurkaneryilmaz.com\/en\/wp-json\/wp\/v2\/comments?post=3343"}],"version-history":[{"count":0,"href":"https:\/\/avfurkaneryilmaz.com\/en\/wp-json\/wp\/v2\/pages\/3343\/revisions"}],"wp:attachment":[{"href":"https:\/\/avfurkaneryilmaz.com\/en\/wp-json\/wp\/v2\/media?parent=3343"}],"curies":[{"name":"wp","href":"https:\/\/api.w.org\/{rel}","templated":true}]}}